{"id":366,"date":"2024-10-02T15:24:56","date_gmt":"2024-10-02T15:24:56","guid":{"rendered":"https:\/\/www.droneview.be\/?page_id=366"},"modified":"2024-10-03T15:00:45","modified_gmt":"2024-10-03T15:00:45","slug":"galerie","status":"publish","type":"page","link":"https:\/\/www.droneview.be\/fr\/galerie\/","title":{"rendered":"Galerie"},"content":{"rendered":"\r\n<p>Chez Droneview.be, nous sommes fiers de notre offre de services de photographie et de vid\u00e9ographie a\u00e9riennes. Sur cette page, vous trouverez une s\u00e9lection de nos images les plus impressionnantes captur\u00e9es avec nos drones avanc\u00e9s. Des photos immobili\u00e8res \u00e0 couper le souffle aux inspections d\u00e9taill\u00e9es de projets de construction, en passant par de superbes vues a\u00e9riennes d&rsquo;\u00e9v\u00e9nements, nos photos montrent comment nous combinons des perspectives uniques avec une haute qualit\u00e9 d&rsquo;image.<\/p>\r\n\r\n\r\n\r\n<p>D\u00e9couvrez nos projets :<\/p>\r\n\r\n\r\n\r\n<ul class=\"wp-block-list\">\r\n<li><strong>Photographie immobili\u00e8re :<\/strong> Des images d&rsquo;une clart\u00e9 cristalline qui mettent en valeur la beaut\u00e9 de chaque propri\u00e9t\u00e9.<\/li>\r\n\r\n\r\n\r\n<li><strong>Inspections de construction :<\/strong> Des enregistrements pr\u00e9cis des projets de construction documentant la progression.<\/li>\r\n\r\n\r\n\r\n<li><strong>Couverture d&rsquo;\u00e9v\u00e9nements :<\/strong> Des images professionnelles qui capturent l&rsquo;atmosph\u00e8re de chaque \u00e9v\u00e9nement.<\/li>\r\n<\/ul>\r\n\r\n\r\n\r\n<p>Explorez notre galerie et laissez-vous inspirer par les possibilit\u00e9s offertes par la photographie par drone !<\/p>\r\n<div id='gallery-1' class='gallery galleryid-366 gallery-columns-3 gallery-size-thumbnail'><figure class='gallery-item'>\n\t\t\t<div class='gallery-icon landscape'>\n\t\t\t\t<a href='https:\/\/www.droneview.be\/fr\/galerie\/drone-foto-7-2\/'><img loading=\"lazy\" decoding=\"async\" width=\"150\" height=\"150\" src=\"https:\/\/www.droneview.be\/wp-content\/uploads\/2024\/10\/drone-foto-7-150x150.jpg\" class=\"attachment-thumbnail size-thumbnail\" alt=\"\" sizes=\"auto, 100vw\" \/><\/a>\n\t\t\t<\/div><\/figure><figure class='gallery-item'>\n\t\t\t<div class='gallery-icon landscape'>\n\t\t\t\t<a href='https:\/\/www.droneview.be\/fr\/galerie\/drone-foto-8-2\/'><img loading=\"lazy\" decoding=\"async\" width=\"150\" height=\"150\" src=\"https:\/\/www.droneview.be\/wp-content\/uploads\/2024\/10\/drone-foto-8-150x150.jpg\" class=\"attachment-thumbnail size-thumbnail\" alt=\"\" sizes=\"auto, 100vw\" \/><\/a>\n\t\t\t<\/div><\/figure><figure class='gallery-item'>\n\t\t\t<div class='gallery-icon landscape'>\n\t\t\t\t<a href='https:\/\/www.droneview.be\/fr\/galerie\/foto-2-1-2\/'><img loading=\"lazy\" decoding=\"async\" width=\"150\" height=\"150\" src=\"https:\/\/www.droneview.be\/wp-content\/uploads\/2024\/10\/foto-2-1-150x150.jpg\" class=\"attachment-thumbnail size-thumbnail\" alt=\"\" sizes=\"auto, 100vw\" \/><\/a>\n\t\t\t<\/div><\/figure><figure class='gallery-item'>\n\t\t\t<div class='gallery-icon landscape'>\n\t\t\t\t<a href='https:\/\/www.droneview.be\/fr\/galerie\/drone-foto-1-2\/'><img loading=\"lazy\" decoding=\"async\" width=\"150\" height=\"150\" src=\"https:\/\/www.droneview.be\/wp-content\/uploads\/2024\/10\/Drone-foto-1-150x150.jpg\" class=\"attachment-thumbnail size-thumbnail\" alt=\"\" sizes=\"auto, 100vw\" \/><\/a>\n\t\t\t<\/div><\/figure><figure class='gallery-item'>\n\t\t\t<div class='gallery-icon landscape'>\n\t\t\t\t<a href='https:\/\/www.droneview.be\/fr\/galerie\/drone-foto-2-2\/'><img loading=\"lazy\" decoding=\"async\" width=\"150\" height=\"150\" src=\"https:\/\/www.droneview.be\/wp-content\/uploads\/2024\/10\/Drone-foto-2-150x150.jpg\" class=\"attachment-thumbnail size-thumbnail\" alt=\"\" sizes=\"auto, 100vw\" \/><\/a>\n\t\t\t<\/div><\/figure><figure class='gallery-item'>\n\t\t\t<div class='gallery-icon landscape'>\n\t\t\t\t<a href='https:\/\/www.droneview.be\/fr\/galerie\/drone-foto-3-2\/'><img loading=\"lazy\" decoding=\"async\" width=\"150\" height=\"150\" src=\"https:\/\/www.droneview.be\/wp-content\/uploads\/2024\/10\/Drone-foto-3-150x150.jpg\" class=\"attachment-thumbnail size-thumbnail\" alt=\"\" sizes=\"auto, 100vw\" \/><\/a>\n\t\t\t<\/div><\/figure><figure class='gallery-item'>\n\t\t\t<div class='gallery-icon landscape'>\n\t\t\t\t<a href='https:\/\/www.droneview.be\/fr\/galerie\/drone-foto-4-2\/'><img loading=\"lazy\" decoding=\"async\" width=\"150\" height=\"150\" src=\"https:\/\/www.droneview.be\/wp-content\/uploads\/2024\/10\/Drone-foto-4-150x150.jpg\" class=\"attachment-thumbnail size-thumbnail\" alt=\"\" sizes=\"auto, 100vw\" \/><\/a>\n\t\t\t<\/div><\/figure><figure class='gallery-item'>\n\t\t\t<div class='gallery-icon landscape'>\n\t\t\t\t<a href='https:\/\/www.droneview.be\/fr\/galerie\/dcim100mediadji_0001-jpg-2\/'><img loading=\"lazy\" decoding=\"async\" width=\"150\" height=\"150\" src=\"https:\/\/www.droneview.be\/wp-content\/uploads\/2024\/10\/Drone-foto-5-150x150.jpg\" class=\"attachment-thumbnail size-thumbnail\" alt=\"\" sizes=\"auto, 100vw\" \/><\/a>\n\t\t\t<\/div><\/figure><figure class='gallery-item'>\n\t\t\t<div class='gallery-icon landscape'>\n\t\t\t\t<a href='https:\/\/www.droneview.be\/fr\/galerie\/drone-foto-6-2\/'><img loading=\"lazy\" decoding=\"async\" width=\"150\" height=\"150\" src=\"https:\/\/www.droneview.be\/wp-content\/uploads\/2024\/10\/Drone-foto-6-150x150.jpg\" class=\"attachment-thumbnail size-thumbnail\" alt=\"\" sizes=\"auto, 100vw\" \/><\/a>\n\t\t\t<\/div><\/figure>\n\t\t<\/div>\n\r\n\r\n\r\n\r\n\r\n\r\n\r\n\r\n\r\n\r\n\r\n\r\n\r\n\r\n\r\n\r\n\r\n\r\n\r\n\r\n\r\n","protected":false},"excerpt":{"rendered":"<p>Chez Droneview.be, nous sommes fiers de notre offre de services de photographie et de vid\u00e9ographie a\u00e9riennes. Sur cette page, vous trouverez une s\u00e9lection de nos images les plus impressionnantes captur\u00e9es avec nos drones avanc\u00e9s. Des photos immobili\u00e8res \u00e0 couper le souffle aux inspections d\u00e9taill\u00e9es de projets de construction, en passant par de superbes vues a\u00e9riennes &hellip; <\/p>\n<p class=\"link-more\"><a href=\"https:\/\/www.droneview.be\/fr\/galerie\/\" class=\"more-link\">Continuer la lecture<span class=\"screen-reader-text\"> de &laquo;&nbsp;Galerie&nbsp;&raquo;<\/span><\/a><\/p>\n","protected":false},"author":1,"featured_media":0,"parent":0,"menu_order":0,"comment_status":"closed","ping_status":"closed","template":"","meta":{"_vp_format_video_url":"","_vp_image_focal_point":[],"footnotes":""},"class_list":["post-366","page","type-page","status-publish","hentry"],"yoast_head":"<!-- This site is optimized with the Yoast SEO plugin v27.5 - https:\/\/yoast.com\/product\/yoast-seo-wordpress\/ -->\n<title>Galerie - Droneview.be | Donn\u00e9es &amp; Inspections par Drone<\/title>\n<meta name=\"description\" content=\"D\u00e9couvrez la photographie a\u00e9rienne impressionnante de Droneview.be. Consultez notre galerie pr\u00e9sentant des exemples de photographie immobili\u00e8re, d&#039;inspections de construction et de couverture d&#039;\u00e9v\u00e9nements, tous r\u00e9alis\u00e9s avec une technologie de drone de pointe.\" \/>\n<meta name=\"robots\" content=\"index, follow, max-snippet:-1, max-image-preview:large, max-video-preview:-1\" \/>\n<link rel=\"canonical\" href=\"https:\/\/www.droneview.be\/fr\/galerie\/\" \/>\n<meta property=\"og:locale\" content=\"fr_FR\" \/>\n<meta property=\"og:type\" content=\"article\" \/>\n<meta property=\"og:title\" content=\"Galerie - Droneview.be | Donn\u00e9es &amp; Inspections par Drone\" \/>\n<meta property=\"og:description\" content=\"D\u00e9couvrez la photographie a\u00e9rienne impressionnante de Droneview.be. Consultez notre galerie pr\u00e9sentant des exemples de photographie immobili\u00e8re, d&#039;inspections de construction et de couverture d&#039;\u00e9v\u00e9nements, tous r\u00e9alis\u00e9s avec une technologie de drone de pointe.\" \/>\n<meta property=\"og:url\" content=\"https:\/\/www.droneview.be\/fr\/galerie\/\" \/>\n<meta property=\"og:site_name\" content=\"Droneview.be | Donn\u00e9es &amp; Inspections par Drone\" \/>\n<meta property=\"article:modified_time\" content=\"2024-10-03T15:00:45+00:00\" \/>\n<meta property=\"og:image\" content=\"https:\/\/www.droneview.be\/wp-content\/uploads\/2024\/10\/drone-foto-7-150x150.jpg\" \/>\n<meta name=\"twitter:card\" content=\"summary_large_image\" \/>\n<meta name=\"twitter:label1\" content=\"Dur\u00e9e de lecture estim\u00e9e\" \/>\n\t<meta name=\"twitter:data1\" content=\"1 minute\" \/>\n<script type=\"application\/ld+json\" class=\"yoast-schema-graph\">{\"@context\":\"https:\\\/\\\/schema.org\",\"@graph\":[{\"@type\":\"WebPage\",\"@id\":\"https:\\\/\\\/www.droneview.be\\\/fr\\\/galerie\\\/\",\"url\":\"https:\\\/\\\/www.droneview.be\\\/fr\\\/galerie\\\/\",\"name\":\"Galerie - Droneview.be | Donn\u00e9es & Inspections par Drone\",\"isPartOf\":{\"@id\":\"https:\\\/\\\/www.droneview.be\\\/fr\\\/#website\"},\"datePublished\":\"2024-10-02T15:24:56+00:00\",\"dateModified\":\"2024-10-03T15:00:45+00:00\",\"description\":\"D\u00e9couvrez la photographie a\u00e9rienne impressionnante de Droneview.be. Consultez notre galerie pr\u00e9sentant des exemples de photographie immobili\u00e8re, d'inspections de construction et de couverture d'\u00e9v\u00e9nements, tous r\u00e9alis\u00e9s avec une technologie de drone de pointe.\",\"breadcrumb\":{\"@id\":\"https:\\\/\\\/www.droneview.be\\\/fr\\\/galerie\\\/#breadcrumb\"},\"inLanguage\":\"fr-FR\",\"potentialAction\":[{\"@type\":\"ReadAction\",\"target\":[\"https:\\\/\\\/www.droneview.be\\\/fr\\\/galerie\\\/\"]}]},{\"@type\":\"BreadcrumbList\",\"@id\":\"https:\\\/\\\/www.droneview.be\\\/fr\\\/galerie\\\/#breadcrumb\",\"itemListElement\":[{\"@type\":\"ListItem\",\"position\":1,\"name\":\"Home\",\"item\":\"https:\\\/\\\/www.droneview.be\\\/fr\\\/\"},{\"@type\":\"ListItem\",\"position\":2,\"name\":\"Galerie\"}]},{\"@type\":\"WebSite\",\"@id\":\"https:\\\/\\\/www.droneview.be\\\/fr\\\/#website\",\"url\":\"https:\\\/\\\/www.droneview.be\\\/fr\\\/\",\"name\":\"Droneview.be\",\"description\":\"Sp\u00e9cialiste en analyses thermiques, cartographie de pr\u00e9cision et inspections a\u00e9riennes industrielles de haute qualit\u00e9.\",\"publisher\":{\"@id\":\"https:\\\/\\\/www.droneview.be\\\/fr\\\/#organization\"},\"potentialAction\":[{\"@type\":\"SearchAction\",\"target\":{\"@type\":\"EntryPoint\",\"urlTemplate\":\"https:\\\/\\\/www.droneview.be\\\/fr\\\/?s={search_term_string}\"},\"query-input\":{\"@type\":\"PropertyValueSpecification\",\"valueRequired\":true,\"valueName\":\"search_term_string\"}}],\"inLanguage\":\"fr-FR\"},{\"@type\":\"Organization\",\"@id\":\"https:\\\/\\\/www.droneview.be\\\/fr\\\/#organization\",\"name\":\"Droneview.be\",\"url\":\"https:\\\/\\\/www.droneview.be\\\/fr\\\/\",\"logo\":{\"@type\":\"ImageObject\",\"inLanguage\":\"fr-FR\",\"@id\":\"https:\\\/\\\/www.droneview.be\\\/fr\\\/#\\\/schema\\\/logo\\\/image\\\/\",\"url\":\"https:\\\/\\\/www.droneview.be\\\/wp-content\\\/uploads\\\/2024\\\/10\\\/DRONEVIEW_LOGO.jpg\",\"contentUrl\":\"https:\\\/\\\/www.droneview.be\\\/wp-content\\\/uploads\\\/2024\\\/10\\\/DRONEVIEW_LOGO.jpg\",\"width\":560,\"height\":210,\"caption\":\"Droneview.be\"},\"image\":{\"@id\":\"https:\\\/\\\/www.droneview.be\\\/fr\\\/#\\\/schema\\\/logo\\\/image\\\/\"}}]}<\/script>\n<!-- \/ Yoast SEO plugin. -->","yoast_head_json":{"title":"Galerie - Droneview.be | Donn\u00e9es & Inspections par Drone","description":"D\u00e9couvrez la photographie a\u00e9rienne impressionnante de Droneview.be. Consultez notre galerie pr\u00e9sentant des exemples de photographie immobili\u00e8re, d'inspections de construction et de couverture d'\u00e9v\u00e9nements, tous r\u00e9alis\u00e9s avec une technologie de drone de pointe.","robots":{"index":"index","follow":"follow","max-snippet":"max-snippet:-1","max-image-preview":"max-image-preview:large","max-video-preview":"max-video-preview:-1"},"canonical":"https:\/\/www.droneview.be\/fr\/galerie\/","og_locale":"fr_FR","og_type":"article","og_title":"Galerie - Droneview.be | Donn\u00e9es & Inspections par Drone","og_description":"D\u00e9couvrez la photographie a\u00e9rienne impressionnante de Droneview.be. Consultez notre galerie pr\u00e9sentant des exemples de photographie immobili\u00e8re, d'inspections de construction et de couverture d'\u00e9v\u00e9nements, tous r\u00e9alis\u00e9s avec une technologie de drone de pointe.","og_url":"https:\/\/www.droneview.be\/fr\/galerie\/","og_site_name":"Droneview.be | Donn\u00e9es & Inspections par Drone","article_modified_time":"2024-10-03T15:00:45+00:00","og_image":[{"url":"https:\/\/www.droneview.be\/wp-content\/uploads\/2024\/10\/drone-foto-7-150x150.jpg","type":"","width":"","height":""}],"twitter_card":"summary_large_image","twitter_misc":{"Dur\u00e9e de lecture estim\u00e9e":"1 minute"},"schema":{"@context":"https:\/\/schema.org","@graph":[{"@type":"WebPage","@id":"https:\/\/www.droneview.be\/fr\/galerie\/","url":"https:\/\/www.droneview.be\/fr\/galerie\/","name":"Galerie - Droneview.be | Donn\u00e9es & Inspections par Drone","isPartOf":{"@id":"https:\/\/www.droneview.be\/fr\/#website"},"datePublished":"2024-10-02T15:24:56+00:00","dateModified":"2024-10-03T15:00:45+00:00","description":"D\u00e9couvrez la photographie a\u00e9rienne impressionnante de Droneview.be. Consultez notre galerie pr\u00e9sentant des exemples de photographie immobili\u00e8re, d'inspections de construction et de couverture d'\u00e9v\u00e9nements, tous r\u00e9alis\u00e9s avec une technologie de drone de pointe.","breadcrumb":{"@id":"https:\/\/www.droneview.be\/fr\/galerie\/#breadcrumb"},"inLanguage":"fr-FR","potentialAction":[{"@type":"ReadAction","target":["https:\/\/www.droneview.be\/fr\/galerie\/"]}]},{"@type":"BreadcrumbList","@id":"https:\/\/www.droneview.be\/fr\/galerie\/#breadcrumb","itemListElement":[{"@type":"ListItem","position":1,"name":"Home","item":"https:\/\/www.droneview.be\/fr\/"},{"@type":"ListItem","position":2,"name":"Galerie"}]},{"@type":"WebSite","@id":"https:\/\/www.droneview.be\/fr\/#website","url":"https:\/\/www.droneview.be\/fr\/","name":"Droneview.be","description":"Sp\u00e9cialiste en analyses thermiques, cartographie de pr\u00e9cision et inspections a\u00e9riennes industrielles de haute qualit\u00e9.","publisher":{"@id":"https:\/\/www.droneview.be\/fr\/#organization"},"potentialAction":[{"@type":"SearchAction","target":{"@type":"EntryPoint","urlTemplate":"https:\/\/www.droneview.be\/fr\/?s={search_term_string}"},"query-input":{"@type":"PropertyValueSpecification","valueRequired":true,"valueName":"search_term_string"}}],"inLanguage":"fr-FR"},{"@type":"Organization","@id":"https:\/\/www.droneview.be\/fr\/#organization","name":"Droneview.be","url":"https:\/\/www.droneview.be\/fr\/","logo":{"@type":"ImageObject","inLanguage":"fr-FR","@id":"https:\/\/www.droneview.be\/fr\/#\/schema\/logo\/image\/","url":"https:\/\/www.droneview.be\/wp-content\/uploads\/2024\/10\/DRONEVIEW_LOGO.jpg","contentUrl":"https:\/\/www.droneview.be\/wp-content\/uploads\/2024\/10\/DRONEVIEW_LOGO.jpg","width":560,"height":210,"caption":"Droneview.be"},"image":{"@id":"https:\/\/www.droneview.be\/fr\/#\/schema\/logo\/image\/"}}]}},"_links":{"self":[{"href":"https:\/\/www.droneview.be\/fr\/wp-json\/wp\/v2\/pages\/366","targetHints":{"allow":["GET"]}}],"collection":[{"href":"https:\/\/www.droneview.be\/fr\/wp-json\/wp\/v2\/pages"}],"about":[{"href":"https:\/\/www.droneview.be\/fr\/wp-json\/wp\/v2\/types\/page"}],"author":[{"embeddable":true,"href":"https:\/\/www.droneview.be\/fr\/wp-json\/wp\/v2\/users\/1"}],"replies":[{"embeddable":true,"href":"https:\/\/www.droneview.be\/fr\/wp-json\/wp\/v2\/comments?post=366"}],"version-history":[{"count":2,"href":"https:\/\/www.droneview.be\/fr\/wp-json\/wp\/v2\/pages\/366\/revisions"}],"predecessor-version":[{"id":424,"href":"https:\/\/www.droneview.be\/fr\/wp-json\/wp\/v2\/pages\/366\/revisions\/424"}],"wp:attachment":[{"href":"https:\/\/www.droneview.be\/fr\/wp-json\/wp\/v2\/media?parent=366"}],"curies":[{"name":"wp","href":"https:\/\/api.w.org\/{rel}","templated":true}]}}