{"id":278,"date":"2024-10-01T05:40:31","date_gmt":"2024-10-01T05:40:31","guid":{"rendered":"https:\/\/www.droneview.be\/?page_id=278"},"modified":"2025-03-17T11:28:10","modified_gmt":"2025-03-17T11:28:10","slug":"recherche-et-sauvetage-localisation-de-personnes-disparues-avec-des-drones","status":"publish","type":"page","link":"https:\/\/www.droneview.be\/fr\/recherche-et-sauvetage-localisation-de-personnes-disparues-avec-des-drones\/","title":{"rendered":"Recherche et Sauvetage : Localisation de Personnes Disparues avec des Drones"},"content":{"rendered":"\r\n<p>Chez Droneview.be, nous apportons un soutien aux services d&rsquo;urgence lors des op\u00e9rations de recherche et de sauvetage. Gr\u00e2ce \u00e0 nos drones avanc\u00e9s \u00e9quip\u00e9s de cam\u00e9ras comme la Zenmuse XT2 et la Zenmuse Z30, nous offrons une aide pr\u00e9cieuse depuis les airs pour localiser des personnes disparues. Il est important de noter que nous ne sommes ni enqu\u00eateurs ni inspecteurs, mais que nous offrons un appui technique aux \u00e9quipes de secours sur le terrain.<\/p>\r\n\r\n\r\n\r\n<p><strong>Comment les drones peuvent-ils aider lors des missions de recherche et sauvetage ?<\/strong> Lors des missions de recherche, la rapidit\u00e9 et la pr\u00e9cision sont cruciales. Nos drones permettent de parcourir rapidement de vastes zones et de fournir une vue d&rsquo;ensemble des terrains difficiles d&rsquo;acc\u00e8s. Deux technologies principales sont mises en \u0153uvre :<\/p>\r\n\r\n\r\n\r\n<ul class=\"wp-block-list\">\r\n<li><strong>Zenmuse XT2 (Cam\u00e9ra Thermique)<\/strong> : Cette cam\u00e9ra infrarouge d\u00e9tecte les sources de chaleur, m\u00eame dans des zones recul\u00e9es ou dans des conditions de faible visibilit\u00e9 comme la nuit ou dans les for\u00eats denses. Elle permet d\u2019identifier l&#8217;emplacement des personnes disparues en mesurant les \u00e9missions de chaleur.<\/li>\r\n\r\n\r\n\r\n<li><strong>Zenmuse Z30 (Zoom Optique)<\/strong> : Gr\u00e2ce \u00e0 son zoom optique 30x, nous pouvons inspecter des zones sp\u00e9cifiques \u00e0 distance sans d\u00e9placer la drone. Cela permet des inspections visuelles d\u00e9taill\u00e9es dans des endroits difficilement accessibles pour les \u00e9quipes au sol.<\/li>\r\n<\/ul>\r\n<p><img loading=\"lazy\" decoding=\"async\" class=\"aligncenter size-large wp-image-478\" src=\"http:\/\/www.droneview.be\/wp-content\/uploads\/2024\/10\/drones-search-and-rescue-1024x683.jpg\" alt=\"\" width=\"525\" height=\"350\" srcset=\"https:\/\/www.droneview.be\/wp-content\/uploads\/2024\/10\/drones-search-and-rescue-1024x683.jpg 1024w, https:\/\/www.droneview.be\/wp-content\/uploads\/2024\/10\/drones-search-and-rescue-300x200.jpg 300w, https:\/\/www.droneview.be\/wp-content\/uploads\/2024\/10\/drones-search-and-rescue-768x513.jpg 768w, https:\/\/www.droneview.be\/wp-content\/uploads\/2024\/10\/drones-search-and-rescue.jpg 1377w\" sizes=\"auto, (max-width: 525px) 100vw, 525px\" \/><\/p>\r\n\r\n\r\n\r\n<p><strong>Quand sont utilis\u00e9s les drones pour des op\u00e9rations de sauvetage ?<\/strong><\/p>\r\n\r\n\r\n\r\n<ul class=\"wp-block-list\">\r\n<li>Recherche dans des zones recul\u00e9es (for\u00eats, montagnes, terrains difficiles).<\/li>\r\n\r\n\r\n\r\n<li>Sauvetages de nuit, o\u00f9 la cam\u00e9ra thermique peut d\u00e9tecter des sources de chaleur.<\/li>\r\n\r\n\r\n\r\n<li>Soutien \u00e0 de larges \u00e9quipes de recherche en balayant rapidement de grandes zones.<\/li>\r\n<li>\r\n<p data-start=\"493\" data-end=\"516\"><strong data-start=\"493\" data-end=\"514\">Suivi en direct : <\/strong>Lors des op\u00e9rations de recherche et de sauvetage, chaque seconde compte. C\u2019est pourquoi nous disposons d\u00e9sormais d\u2019un <strong>moniteur externe de 32 pouces<\/strong>, permettant aux services d\u2019urgence et aux parties prenantes de suivre<strong> le vol en direct<\/strong>. Cela garantit un traitement rapide et pr\u00e9cis des informations, pour pouvoir r\u00e9agir imm\u00e9diatement \u00e0 la situation.<\/p>\r\n<p data-start=\"870\" data-end=\"1005\" data-is-last-node=\"\" data-is-only-node=\"\">Gr\u00e2ce \u00e0 cette fonctionnalit\u00e9 suppl\u00e9mentaire, nous pouvons collaborer plus efficacement et mieux coordonner les op\u00e9rations de recherche.<\/p>\r\n<\/li>\r\n<\/ul>\r\n\r\n\r\n\r\n<p><strong>Limitations et Responsabilit\u00e9<\/strong> Bien que nos drones soient des outils puissants lors des missions de sauvetage, nous ne sommes pas une \u00e9quipe d&rsquo;enqu\u00eate. Nous fournissons notre mat\u00e9riel de drone et nos capacit\u00e9s de capture d&rsquo;images \u00e0 des \u00e9quipes de secours et d&rsquo;enqu\u00eate travaillant sur le terrain. Notre r\u00f4le est de fournir des images a\u00e9riennes cruciales pour permettre une recherche plus efficace et cibl\u00e9e.ipment and imaging capabilities to emergency services and investigators on the ground. Our role is supportive, providing crucial aerial imagery to search the area more accurately and efficiently.<\/p>\r\n\r\n\r\n\r\n<figure class=\"wp-block-image size-large\"><img loading=\"lazy\" decoding=\"async\" width=\"1024\" height=\"593\" class=\"wp-image-159\" src=\"https:\/\/www.droneview.be\/wp-content\/uploads\/2024\/10\/vermiste-persoon-drone-1024x593.jpg\" alt=\"\" srcset=\"https:\/\/www.droneview.be\/wp-content\/uploads\/2024\/10\/vermiste-persoon-drone-1024x593.jpg 1024w, https:\/\/www.droneview.be\/wp-content\/uploads\/2024\/10\/vermiste-persoon-drone-300x174.jpg 300w, https:\/\/www.droneview.be\/wp-content\/uploads\/2024\/10\/vermiste-persoon-drone-768x445.jpg 768w, https:\/\/www.droneview.be\/wp-content\/uploads\/2024\/10\/vermiste-persoon-drone.jpg 1200w\" sizes=\"auto, (max-width: 767px) 89vw, (max-width: 1000px) 54vw, (max-width: 1071px) 543px, 580px\" \/><\/figure>\r\n\r\n\r\n\r\n<h4 class=\"wp-block-heading\"><strong>Avantages des drones lors des op\u00e9rations de sauvetage :<\/strong><\/h4>\r\n\r\n\r\n\r\n<p><strong>Support visuel d\u00e9taill\u00e9<\/strong> : Gr\u00e2ce au zoom de la Zenmuse Z30, nous pouvons explorer des zones sp\u00e9cifiques sans d\u00e9placer physiquement le drone.<\/p>\r\n\r\n\r\n\r\n<p><strong>Recherche rapide sur de grandes zones<\/strong> : Nous pouvons couvrir un vaste territoire en peu de temps pour identifier rapidement des lieux potentiels.<\/p>\r\n\r\n\r\n\r\n<p><strong>D\u00e9tection thermique dans toutes les conditions<\/strong> : M\u00eame par mauvais temps ou en faible luminosit\u00e9, les images thermiques peuvent sauver des vies.<\/p>\r\n<p>Regardez<strong> une vid\u00e9o de d\u00e9monstration<\/strong> ici des possibilit\u00e9s offertes par le drone M210 en combinaison avec les cam\u00e9ras Z30 et XT2<\/p>\r\n<div style=\"width: 525px;\" class=\"wp-video\"><video class=\"wp-video-shortcode\" id=\"video-278-1\" width=\"525\" height=\"295\" preload=\"metadata\" controls=\"controls\"><source type=\"video\/mp4\" src=\"http:\/\/www.droneview.be\/wp-content\/uploads\/2024\/10\/Search-and-Rescue-Demo-XT2-Z30.mp4?_=1\" \/><a href=\"http:\/\/www.droneview.be\/wp-content\/uploads\/2024\/10\/Search-and-Rescue-Demo-XT2-Z30.mp4\">http:\/\/www.droneview.be\/wp-content\/uploads\/2024\/10\/Search-and-Rescue-Demo-XT2-Z30.mp4<\/a><\/video><\/div>\r\n","protected":false},"excerpt":{"rendered":"<p>Chez Droneview.be, nous apportons un soutien aux services d&rsquo;urgence lors des op\u00e9rations de recherche et de sauvetage. Gr\u00e2ce \u00e0 nos drones avanc\u00e9s \u00e9quip\u00e9s de cam\u00e9ras comme la Zenmuse XT2 et la Zenmuse Z30, nous offrons une aide pr\u00e9cieuse depuis les airs pour localiser des personnes disparues. Il est important de noter que nous ne sommes &hellip; <\/p>\n<p class=\"link-more\"><a href=\"https:\/\/www.droneview.be\/fr\/recherche-et-sauvetage-localisation-de-personnes-disparues-avec-des-drones\/\" class=\"more-link\">Continuer la lecture<span class=\"screen-reader-text\"> de &laquo;&nbsp;Recherche et Sauvetage : Localisation de Personnes Disparues avec des Drones&nbsp;&raquo;<\/span><\/a><\/p>\n","protected":false},"author":1,"featured_media":0,"parent":0,"menu_order":0,"comment_status":"closed","ping_status":"closed","template":"","meta":{"_vp_format_video_url":"","_vp_image_focal_point":[],"footnotes":""},"class_list":["post-278","page","type-page","status-publish","hentry"],"yoast_head":"<!-- This site is optimized with the Yoast SEO plugin v27.4 - https:\/\/yoast.com\/product\/yoast-seo-wordpress\/ -->\n<title>Recherche et Sauvetage : Localisation de Personnes Disparues avec des Drones - Droneview.be | Donn\u00e9es &amp; Inspections par Drone<\/title>\n<meta name=\"description\" content=\"Droneview.be offre un soutien avanc\u00e9 \u00e0 la recherche et au sauvetage avec nos drones sp\u00e9cialis\u00e9s. Gr\u00e2ce \u00e0 la cam\u00e9ra thermique Zenmuse XT et \u00e0 la cam\u00e9ra zoom Zenmuse Z30, nous aidons \u00e0 localiser rapidement et efficacement des personnes disparues dans des conditions difficiles. Contactez-nous d\u00e8s aujourd&#039;hui pour un soutien a\u00e9rien crucial.\" \/>\n<meta name=\"robots\" content=\"index, follow, max-snippet:-1, max-image-preview:large, max-video-preview:-1\" \/>\n<link rel=\"canonical\" href=\"https:\/\/www.droneview.be\/fr\/recherche-et-sauvetage-localisation-de-personnes-disparues-avec-des-drones\/\" \/>\n<meta property=\"og:locale\" content=\"fr_FR\" \/>\n<meta property=\"og:type\" content=\"article\" \/>\n<meta property=\"og:title\" content=\"Recherche et Sauvetage : Localisation de Personnes Disparues avec des Drones - Droneview.be | Donn\u00e9es &amp; Inspections par Drone\" \/>\n<meta property=\"og:description\" content=\"Droneview.be offre un soutien avanc\u00e9 \u00e0 la recherche et au sauvetage avec nos drones sp\u00e9cialis\u00e9s. Gr\u00e2ce \u00e0 la cam\u00e9ra thermique Zenmuse XT et \u00e0 la cam\u00e9ra zoom Zenmuse Z30, nous aidons \u00e0 localiser rapidement et efficacement des personnes disparues dans des conditions difficiles. Contactez-nous d\u00e8s aujourd&#039;hui pour un soutien a\u00e9rien crucial.\" \/>\n<meta property=\"og:url\" content=\"https:\/\/www.droneview.be\/fr\/recherche-et-sauvetage-localisation-de-personnes-disparues-avec-des-drones\/\" \/>\n<meta property=\"og:site_name\" content=\"Droneview.be | Donn\u00e9es &amp; Inspections par Drone\" \/>\n<meta property=\"article:modified_time\" content=\"2025-03-17T11:28:10+00:00\" \/>\n<meta property=\"og:image\" content=\"http:\/\/www.droneview.be\/wp-content\/uploads\/2024\/10\/drones-search-and-rescue-1024x683.jpg\" \/>\n<meta name=\"twitter:card\" content=\"summary_large_image\" \/>\n<meta name=\"twitter:label1\" content=\"Dur\u00e9e de lecture estim\u00e9e\" \/>\n\t<meta name=\"twitter:data1\" content=\"3 minutes\" \/>\n<script type=\"application\/ld+json\" class=\"yoast-schema-graph\">{\"@context\":\"https:\\\/\\\/schema.org\",\"@graph\":[{\"@type\":\"WebPage\",\"@id\":\"https:\\\/\\\/www.droneview.be\\\/fr\\\/recherche-et-sauvetage-localisation-de-personnes-disparues-avec-des-drones\\\/\",\"url\":\"https:\\\/\\\/www.droneview.be\\\/fr\\\/recherche-et-sauvetage-localisation-de-personnes-disparues-avec-des-drones\\\/\",\"name\":\"Recherche et Sauvetage : Localisation de Personnes Disparues avec des Drones - Droneview.be | Donn\u00e9es & Inspections par Drone\",\"isPartOf\":{\"@id\":\"https:\\\/\\\/www.droneview.be\\\/fr\\\/#website\"},\"primaryImageOfPage\":{\"@id\":\"https:\\\/\\\/www.droneview.be\\\/fr\\\/recherche-et-sauvetage-localisation-de-personnes-disparues-avec-des-drones\\\/#primaryimage\"},\"image\":{\"@id\":\"https:\\\/\\\/www.droneview.be\\\/fr\\\/recherche-et-sauvetage-localisation-de-personnes-disparues-avec-des-drones\\\/#primaryimage\"},\"thumbnailUrl\":\"http:\\\/\\\/www.droneview.be\\\/wp-content\\\/uploads\\\/2024\\\/10\\\/drones-search-and-rescue-1024x683.jpg\",\"datePublished\":\"2024-10-01T05:40:31+00:00\",\"dateModified\":\"2025-03-17T11:28:10+00:00\",\"description\":\"Droneview.be offre un soutien avanc\u00e9 \u00e0 la recherche et au sauvetage avec nos drones sp\u00e9cialis\u00e9s. Gr\u00e2ce \u00e0 la cam\u00e9ra thermique Zenmuse XT et \u00e0 la cam\u00e9ra zoom Zenmuse Z30, nous aidons \u00e0 localiser rapidement et efficacement des personnes disparues dans des conditions difficiles. Contactez-nous d\u00e8s aujourd'hui pour un soutien a\u00e9rien crucial.\",\"breadcrumb\":{\"@id\":\"https:\\\/\\\/www.droneview.be\\\/fr\\\/recherche-et-sauvetage-localisation-de-personnes-disparues-avec-des-drones\\\/#breadcrumb\"},\"inLanguage\":\"fr-FR\",\"potentialAction\":[{\"@type\":\"ReadAction\",\"target\":[\"https:\\\/\\\/www.droneview.be\\\/fr\\\/recherche-et-sauvetage-localisation-de-personnes-disparues-avec-des-drones\\\/\"]}]},{\"@type\":\"ImageObject\",\"inLanguage\":\"fr-FR\",\"@id\":\"https:\\\/\\\/www.droneview.be\\\/fr\\\/recherche-et-sauvetage-localisation-de-personnes-disparues-avec-des-drones\\\/#primaryimage\",\"url\":\"http:\\\/\\\/www.droneview.be\\\/wp-content\\\/uploads\\\/2024\\\/10\\\/drones-search-and-rescue-1024x683.jpg\",\"contentUrl\":\"http:\\\/\\\/www.droneview.be\\\/wp-content\\\/uploads\\\/2024\\\/10\\\/drones-search-and-rescue-1024x683.jpg\"},{\"@type\":\"BreadcrumbList\",\"@id\":\"https:\\\/\\\/www.droneview.be\\\/fr\\\/recherche-et-sauvetage-localisation-de-personnes-disparues-avec-des-drones\\\/#breadcrumb\",\"itemListElement\":[{\"@type\":\"ListItem\",\"position\":1,\"name\":\"Home\",\"item\":\"https:\\\/\\\/www.droneview.be\\\/fr\\\/\"},{\"@type\":\"ListItem\",\"position\":2,\"name\":\"Recherche et Sauvetage : Localisation de Personnes Disparues avec des Drones\"}]},{\"@type\":\"WebSite\",\"@id\":\"https:\\\/\\\/www.droneview.be\\\/fr\\\/#website\",\"url\":\"https:\\\/\\\/www.droneview.be\\\/fr\\\/\",\"name\":\"Droneview.be\",\"description\":\"Sp\u00e9cialiste en analyses thermiques, cartographie de pr\u00e9cision et inspections a\u00e9riennes industrielles de haute qualit\u00e9.\",\"publisher\":{\"@id\":\"https:\\\/\\\/www.droneview.be\\\/fr\\\/#organization\"},\"potentialAction\":[{\"@type\":\"SearchAction\",\"target\":{\"@type\":\"EntryPoint\",\"urlTemplate\":\"https:\\\/\\\/www.droneview.be\\\/fr\\\/?s={search_term_string}\"},\"query-input\":{\"@type\":\"PropertyValueSpecification\",\"valueRequired\":true,\"valueName\":\"search_term_string\"}}],\"inLanguage\":\"fr-FR\"},{\"@type\":\"Organization\",\"@id\":\"https:\\\/\\\/www.droneview.be\\\/fr\\\/#organization\",\"name\":\"Droneview.be\",\"url\":\"https:\\\/\\\/www.droneview.be\\\/fr\\\/\",\"logo\":{\"@type\":\"ImageObject\",\"inLanguage\":\"fr-FR\",\"@id\":\"https:\\\/\\\/www.droneview.be\\\/fr\\\/#\\\/schema\\\/logo\\\/image\\\/\",\"url\":\"https:\\\/\\\/www.droneview.be\\\/wp-content\\\/uploads\\\/2024\\\/10\\\/DRONEVIEW_LOGO.jpg\",\"contentUrl\":\"https:\\\/\\\/www.droneview.be\\\/wp-content\\\/uploads\\\/2024\\\/10\\\/DRONEVIEW_LOGO.jpg\",\"width\":560,\"height\":210,\"caption\":\"Droneview.be\"},\"image\":{\"@id\":\"https:\\\/\\\/www.droneview.be\\\/fr\\\/#\\\/schema\\\/logo\\\/image\\\/\"}}]}<\/script>\n<!-- \/ Yoast SEO plugin. -->","yoast_head_json":{"title":"Recherche et Sauvetage : Localisation de Personnes Disparues avec des Drones - Droneview.be | Donn\u00e9es & Inspections par Drone","description":"Droneview.be offre un soutien avanc\u00e9 \u00e0 la recherche et au sauvetage avec nos drones sp\u00e9cialis\u00e9s. Gr\u00e2ce \u00e0 la cam\u00e9ra thermique Zenmuse XT et \u00e0 la cam\u00e9ra zoom Zenmuse Z30, nous aidons \u00e0 localiser rapidement et efficacement des personnes disparues dans des conditions difficiles. Contactez-nous d\u00e8s aujourd'hui pour un soutien a\u00e9rien crucial.","robots":{"index":"index","follow":"follow","max-snippet":"max-snippet:-1","max-image-preview":"max-image-preview:large","max-video-preview":"max-video-preview:-1"},"canonical":"https:\/\/www.droneview.be\/fr\/recherche-et-sauvetage-localisation-de-personnes-disparues-avec-des-drones\/","og_locale":"fr_FR","og_type":"article","og_title":"Recherche et Sauvetage : Localisation de Personnes Disparues avec des Drones - Droneview.be | Donn\u00e9es & Inspections par Drone","og_description":"Droneview.be offre un soutien avanc\u00e9 \u00e0 la recherche et au sauvetage avec nos drones sp\u00e9cialis\u00e9s. Gr\u00e2ce \u00e0 la cam\u00e9ra thermique Zenmuse XT et \u00e0 la cam\u00e9ra zoom Zenmuse Z30, nous aidons \u00e0 localiser rapidement et efficacement des personnes disparues dans des conditions difficiles. Contactez-nous d\u00e8s aujourd'hui pour un soutien a\u00e9rien crucial.","og_url":"https:\/\/www.droneview.be\/fr\/recherche-et-sauvetage-localisation-de-personnes-disparues-avec-des-drones\/","og_site_name":"Droneview.be | Donn\u00e9es & Inspections par Drone","article_modified_time":"2025-03-17T11:28:10+00:00","og_image":[{"url":"http:\/\/www.droneview.be\/wp-content\/uploads\/2024\/10\/drones-search-and-rescue-1024x683.jpg","type":"","width":"","height":""}],"twitter_card":"summary_large_image","twitter_misc":{"Dur\u00e9e de lecture estim\u00e9e":"3 minutes"},"schema":{"@context":"https:\/\/schema.org","@graph":[{"@type":"WebPage","@id":"https:\/\/www.droneview.be\/fr\/recherche-et-sauvetage-localisation-de-personnes-disparues-avec-des-drones\/","url":"https:\/\/www.droneview.be\/fr\/recherche-et-sauvetage-localisation-de-personnes-disparues-avec-des-drones\/","name":"Recherche et Sauvetage : Localisation de Personnes Disparues avec des Drones - Droneview.be | Donn\u00e9es & Inspections par Drone","isPartOf":{"@id":"https:\/\/www.droneview.be\/fr\/#website"},"primaryImageOfPage":{"@id":"https:\/\/www.droneview.be\/fr\/recherche-et-sauvetage-localisation-de-personnes-disparues-avec-des-drones\/#primaryimage"},"image":{"@id":"https:\/\/www.droneview.be\/fr\/recherche-et-sauvetage-localisation-de-personnes-disparues-avec-des-drones\/#primaryimage"},"thumbnailUrl":"http:\/\/www.droneview.be\/wp-content\/uploads\/2024\/10\/drones-search-and-rescue-1024x683.jpg","datePublished":"2024-10-01T05:40:31+00:00","dateModified":"2025-03-17T11:28:10+00:00","description":"Droneview.be offre un soutien avanc\u00e9 \u00e0 la recherche et au sauvetage avec nos drones sp\u00e9cialis\u00e9s. Gr\u00e2ce \u00e0 la cam\u00e9ra thermique Zenmuse XT et \u00e0 la cam\u00e9ra zoom Zenmuse Z30, nous aidons \u00e0 localiser rapidement et efficacement des personnes disparues dans des conditions difficiles. Contactez-nous d\u00e8s aujourd'hui pour un soutien a\u00e9rien crucial.","breadcrumb":{"@id":"https:\/\/www.droneview.be\/fr\/recherche-et-sauvetage-localisation-de-personnes-disparues-avec-des-drones\/#breadcrumb"},"inLanguage":"fr-FR","potentialAction":[{"@type":"ReadAction","target":["https:\/\/www.droneview.be\/fr\/recherche-et-sauvetage-localisation-de-personnes-disparues-avec-des-drones\/"]}]},{"@type":"ImageObject","inLanguage":"fr-FR","@id":"https:\/\/www.droneview.be\/fr\/recherche-et-sauvetage-localisation-de-personnes-disparues-avec-des-drones\/#primaryimage","url":"http:\/\/www.droneview.be\/wp-content\/uploads\/2024\/10\/drones-search-and-rescue-1024x683.jpg","contentUrl":"http:\/\/www.droneview.be\/wp-content\/uploads\/2024\/10\/drones-search-and-rescue-1024x683.jpg"},{"@type":"BreadcrumbList","@id":"https:\/\/www.droneview.be\/fr\/recherche-et-sauvetage-localisation-de-personnes-disparues-avec-des-drones\/#breadcrumb","itemListElement":[{"@type":"ListItem","position":1,"name":"Home","item":"https:\/\/www.droneview.be\/fr\/"},{"@type":"ListItem","position":2,"name":"Recherche et Sauvetage : Localisation de Personnes Disparues avec des Drones"}]},{"@type":"WebSite","@id":"https:\/\/www.droneview.be\/fr\/#website","url":"https:\/\/www.droneview.be\/fr\/","name":"Droneview.be","description":"Sp\u00e9cialiste en analyses thermiques, cartographie de pr\u00e9cision et inspections a\u00e9riennes industrielles de haute qualit\u00e9.","publisher":{"@id":"https:\/\/www.droneview.be\/fr\/#organization"},"potentialAction":[{"@type":"SearchAction","target":{"@type":"EntryPoint","urlTemplate":"https:\/\/www.droneview.be\/fr\/?s={search_term_string}"},"query-input":{"@type":"PropertyValueSpecification","valueRequired":true,"valueName":"search_term_string"}}],"inLanguage":"fr-FR"},{"@type":"Organization","@id":"https:\/\/www.droneview.be\/fr\/#organization","name":"Droneview.be","url":"https:\/\/www.droneview.be\/fr\/","logo":{"@type":"ImageObject","inLanguage":"fr-FR","@id":"https:\/\/www.droneview.be\/fr\/#\/schema\/logo\/image\/","url":"https:\/\/www.droneview.be\/wp-content\/uploads\/2024\/10\/DRONEVIEW_LOGO.jpg","contentUrl":"https:\/\/www.droneview.be\/wp-content\/uploads\/2024\/10\/DRONEVIEW_LOGO.jpg","width":560,"height":210,"caption":"Droneview.be"},"image":{"@id":"https:\/\/www.droneview.be\/fr\/#\/schema\/logo\/image\/"}}]}},"_links":{"self":[{"href":"https:\/\/www.droneview.be\/fr\/wp-json\/wp\/v2\/pages\/278","targetHints":{"allow":["GET"]}}],"collection":[{"href":"https:\/\/www.droneview.be\/fr\/wp-json\/wp\/v2\/pages"}],"about":[{"href":"https:\/\/www.droneview.be\/fr\/wp-json\/wp\/v2\/types\/page"}],"author":[{"embeddable":true,"href":"https:\/\/www.droneview.be\/fr\/wp-json\/wp\/v2\/users\/1"}],"replies":[{"embeddable":true,"href":"https:\/\/www.droneview.be\/fr\/wp-json\/wp\/v2\/comments?post=278"}],"version-history":[{"count":6,"href":"https:\/\/www.droneview.be\/fr\/wp-json\/wp\/v2\/pages\/278\/revisions"}],"predecessor-version":[{"id":964,"href":"https:\/\/www.droneview.be\/fr\/wp-json\/wp\/v2\/pages\/278\/revisions\/964"}],"wp:attachment":[{"href":"https:\/\/www.droneview.be\/fr\/wp-json\/wp\/v2\/media?parent=278"}],"curies":[{"name":"wp","href":"https:\/\/api.w.org\/{rel}","templated":true}]}}