{"id":264,"date":"2024-10-01T06:33:09","date_gmt":"2024-10-01T06:33:09","guid":{"rendered":"https:\/\/www.droneview.be\/?page_id=264"},"modified":"2024-10-07T11:04:29","modified_gmt":"2024-10-07T11:04:29","slug":"photographie-aerienne-sur-mesure","status":"publish","type":"page","link":"https:\/\/www.droneview.be\/fr\/photographie-aerienne-sur-mesure\/","title":{"rendered":"Photographie A\u00e9rienne Sur Mesure"},"content":{"rendered":"\r\n<p>Chez <a href=\"https:\/\/www.droneview.be\/fr\"><strong>Droneview.be<\/strong><\/a>, nous allons au-del\u00e0 de la simple photographie a\u00e9rienne. En plus de fournir des images a\u00e9riennes nettes pour les projets immobiliers et la documentation de construction, nous offrons \u00e9galement des services d&rsquo;inspection compl\u00e9mentaires. Pour les <strong>agences immobili\u00e8res<\/strong> qui font appel \u00e0 nous, nous pouvons effectuer directement <a href=\"https:\/\/www.droneview.be\/fr\/inspection-thermique-des-panneaux-solaires\/\"><em><strong>l&rsquo;inspection des panneaux solaires<\/strong><\/em><\/a> ou le <em><strong><a href=\"https:\/\/www.droneview.be\/fr\/controle-de-lisolation-et-detection-dinfiltration-deau-avec-des-drones\/\">contr\u00f4le de l&rsquo;isolation<\/a><\/strong><\/em> de la propri\u00e9t\u00e9 lors de la s\u00e9ance photo. Cela donne une dimension suppl\u00e9mentaire aux services offerts par les agents immobiliers, car c&rsquo;est quelque chose que <strong>98 % de la concurrence ne propose pas.<\/strong><\/p>\r\n<p>Nos services de photographie par drone en Belgique offrent non seulement des perspectives uniques pour les agents immobiliers et les promoteurs, mais ajoutent \u00e9galement de la valeur gr\u00e2ce \u00e0 la combinaison d&rsquo;images esth\u00e9tiques et d&rsquo;inspections techniques. Nous veillons \u00e0 ce que la beaut\u00e9 de la propri\u00e9t\u00e9 ainsi que l&rsquo;\u00e9tat fonctionnel des \u00e9l\u00e9ments tels que les panneaux solaires et l&rsquo;isolation soient captur\u00e9s, contribuant ainsi \u00e0 une <strong>pr\u00e9sentation compl\u00e8te de l&rsquo;immobilier.<\/strong><\/p>\r\n<p><strong>Valeur ajout\u00e9e pour les agences immobili\u00e8res :<\/strong><\/p>\r\n<ul>\r\n<li><strong>Marketing immobilier<\/strong> avec des images nettes.<\/li>\r\n<li><strong>Inspections de panneaux solaires et d&rsquo;isolation int\u00e9gr\u00e9es<\/strong> en une seule visite.<\/li>\r\n<li><strong>Flexibilit\u00e9<\/strong> avec des drones tels que le M210, l&rsquo;Inspire 2 pour une haute r\u00e9solution et le Mavic Air pour des missions photo rapides.<\/li>\r\n<\/ul>\r\n\r\n\r\n\r\n<p><strong>Nos Drones pour la Photographie A\u00e9rienne<\/strong><\/p>\r\n\r\n\r\n\r\n<p><strong>Inspire 2 pour des Images Haute R\u00e9solution<\/strong><br \/>Notre drone Inspire 2, \u00e9quip\u00e9 de la cam\u00e9ra Zenmuse X5S, garantit une qualit\u00e9 d\u2019image exceptionnelle pour les projets n\u00e9cessitant une haute r\u00e9solution. Gr\u00e2ce \u00e0 des objectifs interchangeables comme l\u2019Olympus M.Zuiko 12mm f\/2.0 pour des plans larges et l\u2019Olympus M.Zuiko 25mm f\/1.8 pour des prises plus d\u00e9taill\u00e9es, ce drone est id\u00e9al pour :<\/p>\r\n\r\n\r\n\r\n<ul class=\"wp-block-list\">\r\n<li><strong>Marketing Immobilier :<\/strong> Mettez en valeur votre propri\u00e9t\u00e9 avec des images d\u00e9taill\u00e9es qui captent l\u2019attention.<\/li>\r\n\r\n\r\n\r\n<li><strong>Projets de Construction et Documentation :<\/strong> Capturez chaque \u00e9tape d\u2019un projet de construction en haute r\u00e9solution, \u00e0 la fois pour un usage interne et pour des fins marketing.<\/li>\r\n\r\n\r\n\r\n<li><strong>Enregistrement d\u2019\u00c9v\u00e9nements :<\/strong> Images nettes d\u2019\u00e9v\u00e9nements avec des r\u00e9sultats professionnels.<\/li>\r\n<\/ul>\r\n\r\n\r\n\r\n<p>&nbsp;<\/p>\r\n\r\n\r\n\r\n<figure class=\"wp-block-image size-large\"><a href=\"https:\/\/www.droneview.be\/wp-content\/uploads\/2024\/10\/immo-groot-scaled.jpg\" target=\"_blank\" rel=\"noreferrer noopener\"><img loading=\"lazy\" decoding=\"async\" width=\"1024\" height=\"576\" class=\"wp-image-191\" src=\"https:\/\/www.droneview.be\/wp-content\/uploads\/2024\/10\/immo-groot-1024x576.jpg\" alt=\"\" srcset=\"https:\/\/www.droneview.be\/wp-content\/uploads\/2024\/10\/immo-groot-1024x576.jpg 1024w, https:\/\/www.droneview.be\/wp-content\/uploads\/2024\/10\/immo-groot-300x169.jpg 300w, https:\/\/www.droneview.be\/wp-content\/uploads\/2024\/10\/immo-groot-768x432.jpg 768w, https:\/\/www.droneview.be\/wp-content\/uploads\/2024\/10\/immo-groot-1536x864.jpg 1536w, https:\/\/www.droneview.be\/wp-content\/uploads\/2024\/10\/immo-groot-2048x1152.jpg 2048w, https:\/\/www.droneview.be\/wp-content\/uploads\/2024\/10\/immo-groot-1920x1080.jpg 1920w\" sizes=\"auto, (max-width: 767px) 89vw, (max-width: 1000px) 54vw, (max-width: 1071px) 543px, 580px\" \/><\/a><\/figure>\r\n\r\n\r\n\r\n<p><strong>Mavic Air pour la Flexibilit\u00e9<\/strong><br \/>Pour les projets o\u00f9 la r\u00e9solution d\u2019image est moins cruciale, nous utilisons le Mavic Air. Ce drone compact est parfait pour des missions photo rapides, telles que :<\/p>\r\n\r\n\r\n\r\n<ul class=\"wp-block-list\">\r\n<li><strong>Photos de Sites Web :<\/strong> Pour de petits projets ou pour une utilisation en ligne, o\u00f9 la plus haute r\u00e9solution n\u2019est pas n\u00e9cessaire.<\/li>\r\n\r\n\r\n\r\n<li><strong>Photos A\u00e9riennes Rapides de Terrains ou Propri\u00e9t\u00e9s :<\/strong> Id\u00e9al lorsque la rapidit\u00e9 et la flexibilit\u00e9 sont prioritaires.<\/li>\r\n<\/ul>\r\n\r\n\r\n\r\n<p><strong>DJI M210 avec Zenmuse Z30 pour des D\u00e9tails Approfondis<\/strong><br \/>Le DJI M210, \u00e9quip\u00e9 de la cam\u00e9ra Zenmuse Z30, offre une capacit\u00e9 unique de zoom optique 30x, permettant de capturer des prises de vue d\u00e9taill\u00e9es sans rapprocher le drone de l\u2019objet. Cela nous permet de :<\/p>\r\n\r\n\r\n\r\n<ul class=\"wp-block-list\">\r\n<li><strong>Capturer des \u00c9v\u00e9nements \u00e0 Distance :<\/strong> Nous pouvons rester \u00e0 une distance de s\u00e9curit\u00e9 de la foule tout en capturant des images d\u00e9taill\u00e9es, en conformit\u00e9 avec les r\u00e9glementations l\u00e9gales.<\/li>\r\n\r\n\r\n\r\n<li><strong>Inspection de B\u00e2timents et Structures :<\/strong> Inspectez des lieux difficiles d\u2019acc\u00e8s ou dangereux sans prendre de risques.<\/li>\r\n<\/ul>\r\n\r\n\r\n\r\n<p><strong>Pourquoi Choisir Droneview.be ?<\/strong><\/p>\r\n\r\n\r\n\r\n<ul class=\"wp-block-list\">\r\n<li><strong>Flexibilit\u00e9 et Solutions sur Mesure :<\/strong> Que ce soit pour un petit projet n\u00e9cessitant des r\u00e9sultats rapides ou pour une s\u00e9ance photo compl\u00e8te en haute r\u00e9solution, nous avons la solution adapt\u00e9e.<\/li>\r\n\r\n\r\n\r\n<li><strong>Qualit\u00e9 d\u2019Image Professionnelle :<\/strong> Nos drones et cam\u00e9ras fournissent des images de haute qualit\u00e9, id\u00e9ales pour des utilisations commerciales ou personnelles.<\/li>\r\n\r\n\r\n\r\n<li><strong>S\u00e9curit\u00e9 et Pr\u00e9cision :<\/strong> Gr\u00e2ce au zoom puissant de la Zenmuse Z30, nous pouvons capturer des prises d\u00e9taill\u00e9es \u00e0 distance, tout en respectant les normes de s\u00e9curit\u00e9.<\/li>\r\n<\/ul>\r\n\r\n\r\n\r\n<p><strong><a href=\"mailto:info@droneview.be?subject=question pour Droneview.be.\">Contactez-nous pour Plus d\u2019Informations<\/a><\/strong><\/p>\r\n\r\n\r\n\r\n<p>Envie de savoir comment notre photographie a\u00e9rienne peut faire d\u00e9coller votre projet ? Contactez-nous d\u00e8s aujourd\u2019hui pour un devis sans engagement et d\u00e9couvrez ce que Droneview.be peut faire pour vous.<\/p>\r\n\r\n\r\n","protected":false},"excerpt":{"rendered":"<p>Chez Droneview.be, nous allons au-del\u00e0 de la simple photographie a\u00e9rienne. En plus de fournir des images a\u00e9riennes nettes pour les projets immobiliers et la documentation de construction, nous offrons \u00e9galement des services d&rsquo;inspection compl\u00e9mentaires. Pour les agences immobili\u00e8res qui font appel \u00e0 nous, nous pouvons effectuer directement l&rsquo;inspection des panneaux solaires ou le contr\u00f4le de &hellip; <\/p>\n<p class=\"link-more\"><a href=\"https:\/\/www.droneview.be\/fr\/photographie-aerienne-sur-mesure\/\" class=\"more-link\">Continuer la lecture<span class=\"screen-reader-text\"> de &laquo;&nbsp;Photographie A\u00e9rienne Sur Mesure&nbsp;&raquo;<\/span><\/a><\/p>\n","protected":false},"author":1,"featured_media":0,"parent":0,"menu_order":0,"comment_status":"closed","ping_status":"closed","template":"","meta":{"_vp_format_video_url":"","_vp_image_focal_point":[],"footnotes":""},"class_list":["post-264","page","type-page","status-publish","hentry"],"yoast_head":"<!-- This site is optimized with the Yoast SEO plugin v27.4 - https:\/\/yoast.com\/product\/yoast-seo-wordpress\/ -->\n<title>Photographie A\u00e9rienne Sur Mesure - Droneview.be | Donn\u00e9es &amp; Inspections par Drone<\/title>\n<meta name=\"description\" content=\"Services de photographie a\u00e9rienne personnalis\u00e9e par Droneview.be. Prises de vue par drone haute qualit\u00e9 pour l\u2019immobilier, la construction, les \u00e9v\u00e9nements, et bien plus, avec des images d\u00e9taill\u00e9es gr\u00e2ce \u00e0 l\u2019Inspire 2, le Mavic Air et le DJI M210 avec Zenmuse Z30.\" \/>\n<meta name=\"robots\" content=\"index, follow, max-snippet:-1, max-image-preview:large, max-video-preview:-1\" \/>\n<link rel=\"canonical\" href=\"https:\/\/www.droneview.be\/fr\/photographie-aerienne-sur-mesure\/\" \/>\n<meta property=\"og:locale\" content=\"fr_FR\" \/>\n<meta property=\"og:type\" content=\"article\" \/>\n<meta property=\"og:title\" content=\"Photographie A\u00e9rienne Sur Mesure - Droneview.be | Donn\u00e9es &amp; Inspections par Drone\" \/>\n<meta property=\"og:description\" content=\"Services de photographie a\u00e9rienne personnalis\u00e9e par Droneview.be. Prises de vue par drone haute qualit\u00e9 pour l\u2019immobilier, la construction, les \u00e9v\u00e9nements, et bien plus, avec des images d\u00e9taill\u00e9es gr\u00e2ce \u00e0 l\u2019Inspire 2, le Mavic Air et le DJI M210 avec Zenmuse Z30.\" \/>\n<meta property=\"og:url\" content=\"https:\/\/www.droneview.be\/fr\/photographie-aerienne-sur-mesure\/\" \/>\n<meta property=\"og:site_name\" content=\"Droneview.be | Donn\u00e9es &amp; Inspections par Drone\" \/>\n<meta property=\"article:modified_time\" content=\"2024-10-07T11:04:29+00:00\" \/>\n<meta property=\"og:image\" content=\"https:\/\/www.droneview.be\/wp-content\/uploads\/2024\/10\/immo-groot-1024x576.jpg\" \/>\n<meta name=\"twitter:card\" content=\"summary_large_image\" \/>\n<meta name=\"twitter:label1\" content=\"Dur\u00e9e de lecture estim\u00e9e\" \/>\n\t<meta name=\"twitter:data1\" content=\"4 minutes\" \/>\n<script type=\"application\/ld+json\" class=\"yoast-schema-graph\">{\"@context\":\"https:\\\/\\\/schema.org\",\"@graph\":[{\"@type\":\"WebPage\",\"@id\":\"https:\\\/\\\/www.droneview.be\\\/fr\\\/photographie-aerienne-sur-mesure\\\/\",\"url\":\"https:\\\/\\\/www.droneview.be\\\/fr\\\/photographie-aerienne-sur-mesure\\\/\",\"name\":\"Photographie A\u00e9rienne Sur Mesure - Droneview.be | Donn\u00e9es & Inspections par Drone\",\"isPartOf\":{\"@id\":\"https:\\\/\\\/www.droneview.be\\\/fr\\\/#website\"},\"primaryImageOfPage\":{\"@id\":\"https:\\\/\\\/www.droneview.be\\\/fr\\\/photographie-aerienne-sur-mesure\\\/#primaryimage\"},\"image\":{\"@id\":\"https:\\\/\\\/www.droneview.be\\\/fr\\\/photographie-aerienne-sur-mesure\\\/#primaryimage\"},\"thumbnailUrl\":\"https:\\\/\\\/www.droneview.be\\\/wp-content\\\/uploads\\\/2024\\\/10\\\/immo-groot-1024x576.jpg\",\"datePublished\":\"2024-10-01T06:33:09+00:00\",\"dateModified\":\"2024-10-07T11:04:29+00:00\",\"description\":\"Services de photographie a\u00e9rienne personnalis\u00e9e par Droneview.be. Prises de vue par drone haute qualit\u00e9 pour l\u2019immobilier, la construction, les \u00e9v\u00e9nements, et bien plus, avec des images d\u00e9taill\u00e9es gr\u00e2ce \u00e0 l\u2019Inspire 2, le Mavic Air et le DJI M210 avec Zenmuse Z30.\",\"breadcrumb\":{\"@id\":\"https:\\\/\\\/www.droneview.be\\\/fr\\\/photographie-aerienne-sur-mesure\\\/#breadcrumb\"},\"inLanguage\":\"fr-FR\",\"potentialAction\":[{\"@type\":\"ReadAction\",\"target\":[\"https:\\\/\\\/www.droneview.be\\\/fr\\\/photographie-aerienne-sur-mesure\\\/\"]}]},{\"@type\":\"ImageObject\",\"inLanguage\":\"fr-FR\",\"@id\":\"https:\\\/\\\/www.droneview.be\\\/fr\\\/photographie-aerienne-sur-mesure\\\/#primaryimage\",\"url\":\"https:\\\/\\\/www.droneview.be\\\/wp-content\\\/uploads\\\/2024\\\/10\\\/immo-groot-1024x576.jpg\",\"contentUrl\":\"https:\\\/\\\/www.droneview.be\\\/wp-content\\\/uploads\\\/2024\\\/10\\\/immo-groot-1024x576.jpg\"},{\"@type\":\"BreadcrumbList\",\"@id\":\"https:\\\/\\\/www.droneview.be\\\/fr\\\/photographie-aerienne-sur-mesure\\\/#breadcrumb\",\"itemListElement\":[{\"@type\":\"ListItem\",\"position\":1,\"name\":\"Home\",\"item\":\"https:\\\/\\\/www.droneview.be\\\/fr\\\/\"},{\"@type\":\"ListItem\",\"position\":2,\"name\":\"Photographie A\u00e9rienne Sur Mesure\"}]},{\"@type\":\"WebSite\",\"@id\":\"https:\\\/\\\/www.droneview.be\\\/fr\\\/#website\",\"url\":\"https:\\\/\\\/www.droneview.be\\\/fr\\\/\",\"name\":\"Droneview.be\",\"description\":\"Sp\u00e9cialiste en analyses thermiques, cartographie de pr\u00e9cision et inspections a\u00e9riennes industrielles de haute qualit\u00e9.\",\"publisher\":{\"@id\":\"https:\\\/\\\/www.droneview.be\\\/fr\\\/#organization\"},\"potentialAction\":[{\"@type\":\"SearchAction\",\"target\":{\"@type\":\"EntryPoint\",\"urlTemplate\":\"https:\\\/\\\/www.droneview.be\\\/fr\\\/?s={search_term_string}\"},\"query-input\":{\"@type\":\"PropertyValueSpecification\",\"valueRequired\":true,\"valueName\":\"search_term_string\"}}],\"inLanguage\":\"fr-FR\"},{\"@type\":\"Organization\",\"@id\":\"https:\\\/\\\/www.droneview.be\\\/fr\\\/#organization\",\"name\":\"Droneview.be\",\"url\":\"https:\\\/\\\/www.droneview.be\\\/fr\\\/\",\"logo\":{\"@type\":\"ImageObject\",\"inLanguage\":\"fr-FR\",\"@id\":\"https:\\\/\\\/www.droneview.be\\\/fr\\\/#\\\/schema\\\/logo\\\/image\\\/\",\"url\":\"https:\\\/\\\/www.droneview.be\\\/wp-content\\\/uploads\\\/2024\\\/10\\\/DRONEVIEW_LOGO.jpg\",\"contentUrl\":\"https:\\\/\\\/www.droneview.be\\\/wp-content\\\/uploads\\\/2024\\\/10\\\/DRONEVIEW_LOGO.jpg\",\"width\":560,\"height\":210,\"caption\":\"Droneview.be\"},\"image\":{\"@id\":\"https:\\\/\\\/www.droneview.be\\\/fr\\\/#\\\/schema\\\/logo\\\/image\\\/\"}}]}<\/script>\n<!-- \/ Yoast SEO plugin. -->","yoast_head_json":{"title":"Photographie A\u00e9rienne Sur Mesure - Droneview.be | Donn\u00e9es & Inspections par Drone","description":"Services de photographie a\u00e9rienne personnalis\u00e9e par Droneview.be. Prises de vue par drone haute qualit\u00e9 pour l\u2019immobilier, la construction, les \u00e9v\u00e9nements, et bien plus, avec des images d\u00e9taill\u00e9es gr\u00e2ce \u00e0 l\u2019Inspire 2, le Mavic Air et le DJI M210 avec Zenmuse Z30.","robots":{"index":"index","follow":"follow","max-snippet":"max-snippet:-1","max-image-preview":"max-image-preview:large","max-video-preview":"max-video-preview:-1"},"canonical":"https:\/\/www.droneview.be\/fr\/photographie-aerienne-sur-mesure\/","og_locale":"fr_FR","og_type":"article","og_title":"Photographie A\u00e9rienne Sur Mesure - Droneview.be | Donn\u00e9es & Inspections par Drone","og_description":"Services de photographie a\u00e9rienne personnalis\u00e9e par Droneview.be. Prises de vue par drone haute qualit\u00e9 pour l\u2019immobilier, la construction, les \u00e9v\u00e9nements, et bien plus, avec des images d\u00e9taill\u00e9es gr\u00e2ce \u00e0 l\u2019Inspire 2, le Mavic Air et le DJI M210 avec Zenmuse Z30.","og_url":"https:\/\/www.droneview.be\/fr\/photographie-aerienne-sur-mesure\/","og_site_name":"Droneview.be | Donn\u00e9es & Inspections par Drone","article_modified_time":"2024-10-07T11:04:29+00:00","og_image":[{"url":"https:\/\/www.droneview.be\/wp-content\/uploads\/2024\/10\/immo-groot-1024x576.jpg","type":"","width":"","height":""}],"twitter_card":"summary_large_image","twitter_misc":{"Dur\u00e9e de lecture estim\u00e9e":"4 minutes"},"schema":{"@context":"https:\/\/schema.org","@graph":[{"@type":"WebPage","@id":"https:\/\/www.droneview.be\/fr\/photographie-aerienne-sur-mesure\/","url":"https:\/\/www.droneview.be\/fr\/photographie-aerienne-sur-mesure\/","name":"Photographie A\u00e9rienne Sur Mesure - Droneview.be | Donn\u00e9es & Inspections par Drone","isPartOf":{"@id":"https:\/\/www.droneview.be\/fr\/#website"},"primaryImageOfPage":{"@id":"https:\/\/www.droneview.be\/fr\/photographie-aerienne-sur-mesure\/#primaryimage"},"image":{"@id":"https:\/\/www.droneview.be\/fr\/photographie-aerienne-sur-mesure\/#primaryimage"},"thumbnailUrl":"https:\/\/www.droneview.be\/wp-content\/uploads\/2024\/10\/immo-groot-1024x576.jpg","datePublished":"2024-10-01T06:33:09+00:00","dateModified":"2024-10-07T11:04:29+00:00","description":"Services de photographie a\u00e9rienne personnalis\u00e9e par Droneview.be. Prises de vue par drone haute qualit\u00e9 pour l\u2019immobilier, la construction, les \u00e9v\u00e9nements, et bien plus, avec des images d\u00e9taill\u00e9es gr\u00e2ce \u00e0 l\u2019Inspire 2, le Mavic Air et le DJI M210 avec Zenmuse Z30.","breadcrumb":{"@id":"https:\/\/www.droneview.be\/fr\/photographie-aerienne-sur-mesure\/#breadcrumb"},"inLanguage":"fr-FR","potentialAction":[{"@type":"ReadAction","target":["https:\/\/www.droneview.be\/fr\/photographie-aerienne-sur-mesure\/"]}]},{"@type":"ImageObject","inLanguage":"fr-FR","@id":"https:\/\/www.droneview.be\/fr\/photographie-aerienne-sur-mesure\/#primaryimage","url":"https:\/\/www.droneview.be\/wp-content\/uploads\/2024\/10\/immo-groot-1024x576.jpg","contentUrl":"https:\/\/www.droneview.be\/wp-content\/uploads\/2024\/10\/immo-groot-1024x576.jpg"},{"@type":"BreadcrumbList","@id":"https:\/\/www.droneview.be\/fr\/photographie-aerienne-sur-mesure\/#breadcrumb","itemListElement":[{"@type":"ListItem","position":1,"name":"Home","item":"https:\/\/www.droneview.be\/fr\/"},{"@type":"ListItem","position":2,"name":"Photographie A\u00e9rienne Sur Mesure"}]},{"@type":"WebSite","@id":"https:\/\/www.droneview.be\/fr\/#website","url":"https:\/\/www.droneview.be\/fr\/","name":"Droneview.be","description":"Sp\u00e9cialiste en analyses thermiques, cartographie de pr\u00e9cision et inspections a\u00e9riennes industrielles de haute qualit\u00e9.","publisher":{"@id":"https:\/\/www.droneview.be\/fr\/#organization"},"potentialAction":[{"@type":"SearchAction","target":{"@type":"EntryPoint","urlTemplate":"https:\/\/www.droneview.be\/fr\/?s={search_term_string}"},"query-input":{"@type":"PropertyValueSpecification","valueRequired":true,"valueName":"search_term_string"}}],"inLanguage":"fr-FR"},{"@type":"Organization","@id":"https:\/\/www.droneview.be\/fr\/#organization","name":"Droneview.be","url":"https:\/\/www.droneview.be\/fr\/","logo":{"@type":"ImageObject","inLanguage":"fr-FR","@id":"https:\/\/www.droneview.be\/fr\/#\/schema\/logo\/image\/","url":"https:\/\/www.droneview.be\/wp-content\/uploads\/2024\/10\/DRONEVIEW_LOGO.jpg","contentUrl":"https:\/\/www.droneview.be\/wp-content\/uploads\/2024\/10\/DRONEVIEW_LOGO.jpg","width":560,"height":210,"caption":"Droneview.be"},"image":{"@id":"https:\/\/www.droneview.be\/fr\/#\/schema\/logo\/image\/"}}]}},"_links":{"self":[{"href":"https:\/\/www.droneview.be\/fr\/wp-json\/wp\/v2\/pages\/264","targetHints":{"allow":["GET"]}}],"collection":[{"href":"https:\/\/www.droneview.be\/fr\/wp-json\/wp\/v2\/pages"}],"about":[{"href":"https:\/\/www.droneview.be\/fr\/wp-json\/wp\/v2\/types\/page"}],"author":[{"embeddable":true,"href":"https:\/\/www.droneview.be\/fr\/wp-json\/wp\/v2\/users\/1"}],"replies":[{"embeddable":true,"href":"https:\/\/www.droneview.be\/fr\/wp-json\/wp\/v2\/comments?post=264"}],"version-history":[{"count":4,"href":"https:\/\/www.droneview.be\/fr\/wp-json\/wp\/v2\/pages\/264\/revisions"}],"predecessor-version":[{"id":584,"href":"https:\/\/www.droneview.be\/fr\/wp-json\/wp\/v2\/pages\/264\/revisions\/584"}],"wp:attachment":[{"href":"https:\/\/www.droneview.be\/fr\/wp-json\/wp\/v2\/media?parent=264"}],"curies":[{"name":"wp","href":"https:\/\/api.w.org\/{rel}","templated":true}]}}