{"id":241,"date":"2024-10-01T07:27:54","date_gmt":"2024-10-01T07:27:54","guid":{"rendered":"https:\/\/www.droneview.be\/?page_id=241"},"modified":"2026-03-28T16:12:51","modified_gmt":"2026-03-28T16:12:51","slug":"contact","status":"publish","type":"page","link":"https:\/\/www.droneview.be\/fr\/contact\/","title":{"rendered":"Contacter"},"content":{"rendered":"<h2 class=\"wp-block-heading\"><strong>Contactez-nous pour des donn\u00e9es par drone professionnelles<\/strong><\/h2>\n<p>Chez <b>Droneview.be<\/b>, nous traduisons des donn\u00e9es a\u00e9riennes complexes en informations exploitables pour votre entreprise. Gr\u00e2ce \u00e0 notre flotte sp\u00e9cialis\u00e9e, nous offrons un support technique de haute qualit\u00e9 dans toute la Belgique.<\/p>\n<div style=\"background-color: #f7b500; padding: 25px; border-radius: 10px; margin: 20px 0; color: #000;\">\n<h3 style=\"margin-top: 0;\">Demander un devis imm\u00e9diat<\/h3>\n<p>Remplissez le formulaire et recevez une proposition sur mesure sous 24 heures. \n<div class=\"wpcf7 no-js\" id=\"wpcf7-f2263-o1\" lang=\"fr-FR\" dir=\"ltr\" data-wpcf7-id=\"2263\">\n<div class=\"screen-reader-response\"><p role=\"status\" aria-live=\"polite\" aria-atomic=\"true\"><\/p> <ul><\/ul><\/div>\n<form action=\"\/fr\/wp-json\/wp\/v2\/pages\/241#wpcf7-f2263-o1\" method=\"post\" class=\"wpcf7-form init\" aria-label=\"Formulaire de contact\" novalidate=\"novalidate\" data-status=\"init\">\n<fieldset class=\"hidden-fields-container\"><input type=\"hidden\" name=\"_wpcf7\" value=\"2263\" \/><input type=\"hidden\" name=\"_wpcf7_version\" value=\"6.1.5\" \/><input type=\"hidden\" name=\"_wpcf7_locale\" value=\"fr_FR\" \/><input type=\"hidden\" name=\"_wpcf7_unit_tag\" value=\"wpcf7-f2263-o1\" \/><input type=\"hidden\" name=\"_wpcf7_container_post\" value=\"0\" \/><input type=\"hidden\" name=\"_wpcf7_posted_data_hash\" value=\"\" \/>\n<\/fieldset>\n<p><label> Votre nom (obligatoire)<br \/>\n<span class=\"wpcf7-form-control-wrap\" data-name=\"your-name\"><input size=\"40\" maxlength=\"400\" class=\"wpcf7-form-control wpcf7-text wpcf7-validates-as-required\" autocomplete=\"name\" aria-required=\"true\" aria-invalid=\"false\" value=\"\" type=\"text\" name=\"your-name\" \/><\/span> <\/label>\n<\/p>\n<p><label> Nom de l'entreprise (optionnel)<br \/>\n<span class=\"wpcf7-form-control-wrap\" data-name=\"your-company\"><input size=\"40\" maxlength=\"400\" class=\"wpcf7-form-control wpcf7-text\" aria-invalid=\"false\" value=\"\" type=\"text\" name=\"your-company\" \/><\/span> <\/label>\n<\/p>\n<p><label> Votre adresse e-mail (obligatoire)<br \/>\n<span class=\"wpcf7-form-control-wrap\" data-name=\"your-email\"><input size=\"40\" maxlength=\"400\" class=\"wpcf7-form-control wpcf7-email wpcf7-validates-as-required wpcf7-text wpcf7-validates-as-email\" autocomplete=\"email\" aria-required=\"true\" aria-invalid=\"false\" value=\"\" type=\"email\" name=\"your-email\" \/><\/span> <\/label>\n<\/p>\n<p><label> Num\u00e9ro de t\u00e9l\u00e9phone (obligatoire pour un suivi rapide)<br \/>\n<span class=\"wpcf7-form-control-wrap\" data-name=\"your-phone\"><input size=\"40\" maxlength=\"400\" class=\"wpcf7-form-control wpcf7-tel wpcf7-validates-as-required wpcf7-text wpcf7-validates-as-tel\" aria-required=\"true\" aria-invalid=\"false\" value=\"\" type=\"tel\" name=\"your-phone\" \/><\/span> <\/label>\n<\/p>\n<p><label> Type de projet \/ Service<br \/>\n<span class=\"wpcf7-form-control-wrap\" data-name=\"your-service\"><select class=\"wpcf7-form-control wpcf7-select wpcf7-validates-as-required\" aria-required=\"true\" aria-invalid=\"false\" name=\"your-service\"><option value=\"\">&#8212;Veuillez choisir une option&#8212;<\/option><option value=\"Suivi de chantier &amp; Monitoring\">Suivi de chantier &amp; Monitoring<\/option><option value=\"Cartographie &amp; Mod\u00e9lisation 3D\">Cartographie &amp; Mod\u00e9lisation 3D<\/option><option value=\"Inspection thermique\">Inspection thermique<\/option><option value=\"Inspection industrielle\">Inspection industrielle<\/option><option value=\"Autre\">Autre<\/option><\/select><\/span> <\/label>\n<\/p>\n<p><label> Emplacement du projet ou votre message<br \/>\n<span class=\"wpcf7-form-control-wrap\" data-name=\"your-message\"><textarea cols=\"40\" rows=\"10\" maxlength=\"2000\" class=\"wpcf7-form-control wpcf7-textarea\" aria-invalid=\"false\" name=\"your-message\"><\/textarea><\/span> <\/label>\n<\/p>\n<p><span id=\"wpcf7-69de3533634a8-wrapper\" class=\"wpcf7-form-control-wrap code-postal-wrap\" style=\"display:none !important; visibility:hidden !important;\"><label for=\"wpcf7-69de3533634a8-field\" class=\"hp-message\">Veuillez laisser ce champ vide.<\/label><input id=\"wpcf7-69de3533634a8-field\"  class=\"wpcf7-form-control wpcf7-text\" type=\"text\" name=\"code-postal\" value=\"\" size=\"40\" tabindex=\"-1\" autocomplete=\"new-password\" \/><\/span>\n<\/p>\n<p><input class=\"wpcf7-form-control wpcf7-submit has-spinner\" type=\"submit\" value=\"Demander un devis sans engagement\" \/>\n<\/p><div class=\"wpcf7-response-output\" aria-hidden=\"true\"><\/div>\n<\/form>\n<\/div>\n<\/p>\n<\/div>\n<p>&nbsp;<\/p>\n<p><img loading=\"lazy\" decoding=\"async\" class=\"aligncenter size-full wp-image-224\" src=\"https:\/\/www.droneview.be\/wp-content\/uploads\/2024\/10\/Guy_drone.jpg\" alt=\"\" width=\"440\" height=\"480\" srcset=\"https:\/\/www.droneview.be\/wp-content\/uploads\/2024\/10\/Guy_drone.jpg 440w, https:\/\/www.droneview.be\/wp-content\/uploads\/2024\/10\/Guy_drone-275x300.jpg 275w\" sizes=\"auto, (max-width: 440px) 100vw, 440px\" \/><\/p>\n<p style=\"text-align: center;\"><strong>Fond\u00e9 sur 30 ans d&rsquo;exp\u00e9rience de terrain<\/strong><\/p>\n<p style=\"text-align: center;\"><i>\u00ab\u00a0Je ne vends pas de simples photos ; je fournis les donn\u00e9es que j&rsquo;aurais aim\u00e9 avoir moi-m\u00eame pour travailler plus efficacement et en toute s\u00e9curit\u00e9. Je parle le langage du chantier.\u00a0\u00bb<\/i><\/p>\n<p style=\"text-align: center;\"><strong>Guy Liebert<\/strong> \u2013 EASA Remote Pilot (A1\/A3 \u2013 A2)<\/p>\n<h4 class=\"wp-block-heading\" style=\"text-align: center;\"><strong>Nos coordonn\u00e9es :<\/strong><\/h4>\n<ul class=\"wp-block-list\">\n<li><strong>T\u00e9l\u00e9phone :<\/strong> <a href=\"tel:+3211184822\">Appelez-nous : +32 11 18 48 22<\/a><\/li>\n<li><strong>E-mail :<\/strong> <a href=\"mailto:info@droneview.be\">info@droneview.be<\/a><\/li>\n<li><strong>Adresse :<\/strong> Kleine Vinnestraat 7, 3803 Duras (Saint-Trond), Limbourg, Belgique<\/li>\n<li><strong>Site web :<\/strong> <a href=\"https:\/\/www.droneview.be\/fr\/\">www.droneview.be<\/a><\/li>\n<li><strong>TVA :<\/strong> BE.0534.916.002<\/li>\n<\/ul>\n<h4 class=\"wp-block-heading\"><strong>Heures d&rsquo;ouverture :<\/strong><\/h4>\n<ul class=\"wp-block-list\">\n<li>Lundi \u2013 Vendredi : 09:00 \u2013 18:00<\/li>\n<li>Samedi : sur rendez-vous<\/li>\n<li>Dimanche : Ferm\u00e9<\/li>\n<\/ul>\n<p><strong>Votre avis est pr\u00e9cieux !<\/strong> Scannez le code QR pour laisser un avis Google. <a href=\"https:\/\/reviewthis.biz\/droneview_be\"><img decoding=\"async\" src=\"http:\/\/www.droneview.be\/wp-content\/uploads\/2024\/11\/review-link-qr.png\" width=\"150\" \/><\/a><\/p>\n","protected":false},"excerpt":{"rendered":"<p>Contactez-nous pour des donn\u00e9es par drone professionnelles Chez Droneview.be, nous traduisons des donn\u00e9es a\u00e9riennes complexes en informations exploitables pour votre entreprise. Gr\u00e2ce \u00e0 notre flotte sp\u00e9cialis\u00e9e, nous offrons un support technique de haute qualit\u00e9 dans toute la Belgique. Demander un devis imm\u00e9diat Remplissez le formulaire et recevez une proposition sur mesure sous 24 heures. &nbsp; &hellip; <\/p>\n<p class=\"link-more\"><a href=\"https:\/\/www.droneview.be\/fr\/contact\/\" class=\"more-link\">Continuer la lecture<span class=\"screen-reader-text\"> de &laquo;&nbsp;Contacter&nbsp;&raquo;<\/span><\/a><\/p>\n","protected":false},"author":1,"featured_media":0,"parent":0,"menu_order":0,"comment_status":"closed","ping_status":"closed","template":"","meta":{"_vp_format_video_url":"","_vp_image_focal_point":[],"footnotes":""},"class_list":["post-241","page","type-page","status-publish","hentry"],"yoast_head":"<!-- This site is optimized with the Yoast SEO plugin v27.4 - https:\/\/yoast.com\/product\/yoast-seo-wordpress\/ -->\n<title>Contacter - Droneview.be | Donn\u00e9es &amp; Inspections par Drone<\/title>\n<meta name=\"description\" content=\"Contactez Droneview.be pour des solutions expertes en drone et inspection thermographique. Demandez votre devis gratuit d\u00e8s aujourd&#039;hui !\" \/>\n<meta name=\"robots\" content=\"index, follow, max-snippet:-1, max-image-preview:large, max-video-preview:-1\" \/>\n<link rel=\"canonical\" href=\"https:\/\/www.droneview.be\/fr\/contact\/\" \/>\n<meta property=\"og:locale\" content=\"fr_FR\" \/>\n<meta property=\"og:type\" content=\"article\" \/>\n<meta property=\"og:title\" content=\"Contacter - Droneview.be | Donn\u00e9es &amp; Inspections par Drone\" \/>\n<meta property=\"og:description\" content=\"Contactez Droneview.be pour des solutions expertes en drone et inspection thermographique. Demandez votre devis gratuit d\u00e8s aujourd&#039;hui !\" \/>\n<meta property=\"og:url\" content=\"https:\/\/www.droneview.be\/fr\/contact\/\" \/>\n<meta property=\"og:site_name\" content=\"Droneview.be | Donn\u00e9es &amp; Inspections par Drone\" \/>\n<meta property=\"article:modified_time\" content=\"2026-03-28T16:12:51+00:00\" \/>\n<meta property=\"og:image\" content=\"https:\/\/www.droneview.be\/wp-content\/uploads\/2024\/10\/Guy_drone.jpg\" \/>\n\t<meta property=\"og:image:width\" content=\"440\" \/>\n\t<meta property=\"og:image:height\" content=\"480\" \/>\n\t<meta property=\"og:image:type\" content=\"image\/jpeg\" \/>\n<meta name=\"twitter:card\" content=\"summary_large_image\" \/>\n<meta name=\"twitter:label1\" content=\"Dur\u00e9e de lecture estim\u00e9e\" \/>\n\t<meta name=\"twitter:data1\" content=\"2 minutes\" \/>\n<script type=\"application\/ld+json\" class=\"yoast-schema-graph\">{\"@context\":\"https:\\\/\\\/schema.org\",\"@graph\":[{\"@type\":\"WebPage\",\"@id\":\"https:\\\/\\\/www.droneview.be\\\/fr\\\/contact\\\/\",\"url\":\"https:\\\/\\\/www.droneview.be\\\/fr\\\/contact\\\/\",\"name\":\"Contacter - Droneview.be | Donn\u00e9es & Inspections par Drone\",\"isPartOf\":{\"@id\":\"https:\\\/\\\/www.droneview.be\\\/fr\\\/#website\"},\"primaryImageOfPage\":{\"@id\":\"https:\\\/\\\/www.droneview.be\\\/fr\\\/contact\\\/#primaryimage\"},\"image\":{\"@id\":\"https:\\\/\\\/www.droneview.be\\\/fr\\\/contact\\\/#primaryimage\"},\"thumbnailUrl\":\"https:\\\/\\\/www.droneview.be\\\/wp-content\\\/uploads\\\/2024\\\/10\\\/Guy_drone.jpg\",\"datePublished\":\"2024-10-01T07:27:54+00:00\",\"dateModified\":\"2026-03-28T16:12:51+00:00\",\"description\":\"Contactez Droneview.be pour des solutions expertes en drone et inspection thermographique. Demandez votre devis gratuit d\u00e8s aujourd'hui !\",\"breadcrumb\":{\"@id\":\"https:\\\/\\\/www.droneview.be\\\/fr\\\/contact\\\/#breadcrumb\"},\"inLanguage\":\"fr-FR\",\"potentialAction\":[{\"@type\":\"ReadAction\",\"target\":[\"https:\\\/\\\/www.droneview.be\\\/fr\\\/contact\\\/\"]}]},{\"@type\":\"ImageObject\",\"inLanguage\":\"fr-FR\",\"@id\":\"https:\\\/\\\/www.droneview.be\\\/fr\\\/contact\\\/#primaryimage\",\"url\":\"https:\\\/\\\/www.droneview.be\\\/wp-content\\\/uploads\\\/2024\\\/10\\\/Guy_drone.jpg\",\"contentUrl\":\"https:\\\/\\\/www.droneview.be\\\/wp-content\\\/uploads\\\/2024\\\/10\\\/Guy_drone.jpg\"},{\"@type\":\"BreadcrumbList\",\"@id\":\"https:\\\/\\\/www.droneview.be\\\/fr\\\/contact\\\/#breadcrumb\",\"itemListElement\":[{\"@type\":\"ListItem\",\"position\":1,\"name\":\"Home\",\"item\":\"https:\\\/\\\/www.droneview.be\\\/fr\\\/\"},{\"@type\":\"ListItem\",\"position\":2,\"name\":\"Contacter\"}]},{\"@type\":\"WebSite\",\"@id\":\"https:\\\/\\\/www.droneview.be\\\/fr\\\/#website\",\"url\":\"https:\\\/\\\/www.droneview.be\\\/fr\\\/\",\"name\":\"Droneview.be\",\"description\":\"Sp\u00e9cialiste en analyses thermiques, cartographie de pr\u00e9cision et inspections a\u00e9riennes industrielles de haute qualit\u00e9.\",\"publisher\":{\"@id\":\"https:\\\/\\\/www.droneview.be\\\/fr\\\/#organization\"},\"potentialAction\":[{\"@type\":\"SearchAction\",\"target\":{\"@type\":\"EntryPoint\",\"urlTemplate\":\"https:\\\/\\\/www.droneview.be\\\/fr\\\/?s={search_term_string}\"},\"query-input\":{\"@type\":\"PropertyValueSpecification\",\"valueRequired\":true,\"valueName\":\"search_term_string\"}}],\"inLanguage\":\"fr-FR\"},{\"@type\":\"Organization\",\"@id\":\"https:\\\/\\\/www.droneview.be\\\/fr\\\/#organization\",\"name\":\"Droneview.be\",\"url\":\"https:\\\/\\\/www.droneview.be\\\/fr\\\/\",\"logo\":{\"@type\":\"ImageObject\",\"inLanguage\":\"fr-FR\",\"@id\":\"https:\\\/\\\/www.droneview.be\\\/fr\\\/#\\\/schema\\\/logo\\\/image\\\/\",\"url\":\"https:\\\/\\\/www.droneview.be\\\/wp-content\\\/uploads\\\/2024\\\/10\\\/DRONEVIEW_LOGO.jpg\",\"contentUrl\":\"https:\\\/\\\/www.droneview.be\\\/wp-content\\\/uploads\\\/2024\\\/10\\\/DRONEVIEW_LOGO.jpg\",\"width\":560,\"height\":210,\"caption\":\"Droneview.be\"},\"image\":{\"@id\":\"https:\\\/\\\/www.droneview.be\\\/fr\\\/#\\\/schema\\\/logo\\\/image\\\/\"}}]}<\/script>\n<!-- \/ Yoast SEO plugin. -->","yoast_head_json":{"title":"Contacter - Droneview.be | Donn\u00e9es & Inspections par Drone","description":"Contactez Droneview.be pour des solutions expertes en drone et inspection thermographique. Demandez votre devis gratuit d\u00e8s aujourd'hui !","robots":{"index":"index","follow":"follow","max-snippet":"max-snippet:-1","max-image-preview":"max-image-preview:large","max-video-preview":"max-video-preview:-1"},"canonical":"https:\/\/www.droneview.be\/fr\/contact\/","og_locale":"fr_FR","og_type":"article","og_title":"Contacter - Droneview.be | Donn\u00e9es & Inspections par Drone","og_description":"Contactez Droneview.be pour des solutions expertes en drone et inspection thermographique. Demandez votre devis gratuit d\u00e8s aujourd'hui !","og_url":"https:\/\/www.droneview.be\/fr\/contact\/","og_site_name":"Droneview.be | Donn\u00e9es & Inspections par Drone","article_modified_time":"2026-03-28T16:12:51+00:00","og_image":[{"width":440,"height":480,"url":"https:\/\/www.droneview.be\/wp-content\/uploads\/2024\/10\/Guy_drone.jpg","type":"image\/jpeg"}],"twitter_card":"summary_large_image","twitter_misc":{"Dur\u00e9e de lecture estim\u00e9e":"2 minutes"},"schema":{"@context":"https:\/\/schema.org","@graph":[{"@type":"WebPage","@id":"https:\/\/www.droneview.be\/fr\/contact\/","url":"https:\/\/www.droneview.be\/fr\/contact\/","name":"Contacter - Droneview.be | Donn\u00e9es & Inspections par Drone","isPartOf":{"@id":"https:\/\/www.droneview.be\/fr\/#website"},"primaryImageOfPage":{"@id":"https:\/\/www.droneview.be\/fr\/contact\/#primaryimage"},"image":{"@id":"https:\/\/www.droneview.be\/fr\/contact\/#primaryimage"},"thumbnailUrl":"https:\/\/www.droneview.be\/wp-content\/uploads\/2024\/10\/Guy_drone.jpg","datePublished":"2024-10-01T07:27:54+00:00","dateModified":"2026-03-28T16:12:51+00:00","description":"Contactez Droneview.be pour des solutions expertes en drone et inspection thermographique. Demandez votre devis gratuit d\u00e8s aujourd'hui !","breadcrumb":{"@id":"https:\/\/www.droneview.be\/fr\/contact\/#breadcrumb"},"inLanguage":"fr-FR","potentialAction":[{"@type":"ReadAction","target":["https:\/\/www.droneview.be\/fr\/contact\/"]}]},{"@type":"ImageObject","inLanguage":"fr-FR","@id":"https:\/\/www.droneview.be\/fr\/contact\/#primaryimage","url":"https:\/\/www.droneview.be\/wp-content\/uploads\/2024\/10\/Guy_drone.jpg","contentUrl":"https:\/\/www.droneview.be\/wp-content\/uploads\/2024\/10\/Guy_drone.jpg"},{"@type":"BreadcrumbList","@id":"https:\/\/www.droneview.be\/fr\/contact\/#breadcrumb","itemListElement":[{"@type":"ListItem","position":1,"name":"Home","item":"https:\/\/www.droneview.be\/fr\/"},{"@type":"ListItem","position":2,"name":"Contacter"}]},{"@type":"WebSite","@id":"https:\/\/www.droneview.be\/fr\/#website","url":"https:\/\/www.droneview.be\/fr\/","name":"Droneview.be","description":"Sp\u00e9cialiste en analyses thermiques, cartographie de pr\u00e9cision et inspections a\u00e9riennes industrielles de haute qualit\u00e9.","publisher":{"@id":"https:\/\/www.droneview.be\/fr\/#organization"},"potentialAction":[{"@type":"SearchAction","target":{"@type":"EntryPoint","urlTemplate":"https:\/\/www.droneview.be\/fr\/?s={search_term_string}"},"query-input":{"@type":"PropertyValueSpecification","valueRequired":true,"valueName":"search_term_string"}}],"inLanguage":"fr-FR"},{"@type":"Organization","@id":"https:\/\/www.droneview.be\/fr\/#organization","name":"Droneview.be","url":"https:\/\/www.droneview.be\/fr\/","logo":{"@type":"ImageObject","inLanguage":"fr-FR","@id":"https:\/\/www.droneview.be\/fr\/#\/schema\/logo\/image\/","url":"https:\/\/www.droneview.be\/wp-content\/uploads\/2024\/10\/DRONEVIEW_LOGO.jpg","contentUrl":"https:\/\/www.droneview.be\/wp-content\/uploads\/2024\/10\/DRONEVIEW_LOGO.jpg","width":560,"height":210,"caption":"Droneview.be"},"image":{"@id":"https:\/\/www.droneview.be\/fr\/#\/schema\/logo\/image\/"}}]}},"_links":{"self":[{"href":"https:\/\/www.droneview.be\/fr\/wp-json\/wp\/v2\/pages\/241","targetHints":{"allow":["GET"]}}],"collection":[{"href":"https:\/\/www.droneview.be\/fr\/wp-json\/wp\/v2\/pages"}],"about":[{"href":"https:\/\/www.droneview.be\/fr\/wp-json\/wp\/v2\/types\/page"}],"author":[{"embeddable":true,"href":"https:\/\/www.droneview.be\/fr\/wp-json\/wp\/v2\/users\/1"}],"replies":[{"embeddable":true,"href":"https:\/\/www.droneview.be\/fr\/wp-json\/wp\/v2\/comments?post=241"}],"version-history":[{"count":21,"href":"https:\/\/www.droneview.be\/fr\/wp-json\/wp\/v2\/pages\/241\/revisions"}],"predecessor-version":[{"id":2288,"href":"https:\/\/www.droneview.be\/fr\/wp-json\/wp\/v2\/pages\/241\/revisions\/2288"}],"wp:attachment":[{"href":"https:\/\/www.droneview.be\/fr\/wp-json\/wp\/v2\/media?parent=241"}],"curies":[{"name":"wp","href":"https:\/\/api.w.org\/{rel}","templated":true}]}}