{"id":2131,"date":"2026-03-16T14:40:13","date_gmt":"2026-03-16T14:40:13","guid":{"rendered":"https:\/\/www.droneview.be\/?page_id=2131"},"modified":"2026-03-16T14:49:33","modified_gmt":"2026-03-16T14:49:33","slug":"service-gcp-precision-maximale-pour-votre-cartographie-par-drone","status":"publish","type":"page","link":"https:\/\/www.droneview.be\/fr\/service-gcp-precision-maximale-pour-votre-cartographie-par-drone\/","title":{"rendered":"Service GCP : Pr\u00e9cision Maximale pour Votre Cartographie par Drone"},"content":{"rendered":"<p data-path-to-node=\"3\"><b data-path-to-node=\"3\" data-index-in-node=\"0\">Vous avez un drone sans RTK, mais vous souhaitez cr\u00e9er des mod\u00e8les 3D et des cartes pr\u00e9cis au centim\u00e8tre pr\u00e8s ? Droneview.be vous aide \u00e0 \u00e9tablir la base de tout bon projet de cartographie : le relev\u00e9 des points de contr\u00f4le au sol (GCP).<\/b><\/p>\n<p data-path-to-node=\"4\">Tous les pilotes de drones ne disposent pas d&rsquo;un \u00e9quipement GNSS co\u00fbteux ou d&rsquo;un drone RTK. Pourtant, la pr\u00e9cision est essentielle pour la photogramm\u00e9trie professionnelle, les mesures de volume ou les relev\u00e9s de terrain. Nous nous d\u00e9pla\u00e7ons sur votre site et installons les points de r\u00e9f\u00e9rence n\u00e9cessaires afin que vous puissiez vous concentrer sur le vol.<\/p>\n<h2 data-path-to-node=\"5\">Pourquoi choisir notre service GCP ?<\/h2>\n<p data-path-to-node=\"6\">Sans points de contr\u00f4le au sol, une carte par drone peut d\u00e9vier de plusieurs m\u00e8tres par rapport \u00e0 la r\u00e9alit\u00e9. En utilisant nos points, vous ancrez votre projet dans le monde r\u00e9el.<\/p>\n<ul data-path-to-node=\"7\">\n<li>\n<p data-path-to-node=\"7,0,0\"><b data-path-to-node=\"7,0,0\" data-index-in-node=\"0\">Pr\u00e9cision centim\u00e9trique :<\/b> Nous effectuons les relev\u00e9s avec le syst\u00e8me professionnel <strong>DJI RTK High-Precision GNSS<\/strong> (correction RTK).<\/p>\n<\/li>\n<li>\n<p data-path-to-node=\"7,1,0\"><b data-path-to-node=\"7,1,0\" data-index-in-node=\"0\">Pr\u00eat \u00e0 l&#8217;emploi :<\/b> Vous recevez un fichier CSV ou Excel clair (Lambert 72 \/ TAW) que vous pouvez importer directement dans des logiciels tels que Pix4D, Agisoft Metashape, Webodm ou DJI Terra.<\/p>\n<\/li>\n<li>\n<p data-path-to-node=\"7,2,0\"><b data-path-to-node=\"7,2,0\" data-index-in-node=\"0\">Rentable :<\/b> Pas d&rsquo;investissement lourd dans votre propre \u00e9quipement de mesure pour des missions occasionnelles.<\/p>\n<\/li>\n<\/ul>\n<p><img loading=\"lazy\" decoding=\"async\" class=\"aligncenter size-full wp-image-1910\" src=\"https:\/\/www.droneview.be\/wp-content\/uploads\/2026\/03\/RTK_drone.jpg\" alt=\"Drone Mapping RTK\" width=\"911\" height=\"881\" srcset=\"https:\/\/www.droneview.be\/wp-content\/uploads\/2026\/03\/RTK_drone.jpg 911w, https:\/\/www.droneview.be\/wp-content\/uploads\/2026\/03\/RTK_drone-300x290.jpg 300w, https:\/\/www.droneview.be\/wp-content\/uploads\/2026\/03\/RTK_drone-768x743.jpg 768w\" sizes=\"auto, (max-width: 767px) 89vw, (max-width: 1000px) 54vw, (max-width: 1071px) 543px, 580px\" \/><\/p>\n<hr data-path-to-node=\"8\" \/>\n<h2 data-path-to-node=\"9\">Nos Forfaits et Tarifs<\/h2>\n<p data-path-to-node=\"10\">Nous appliquons des tarifs transparents pour que vous sachiez exactement \u00e0 quoi vous attendre.<\/p>\n<table data-path-to-node=\"11\">\n<thead>\n<tr>\n<td><strong>Service<\/strong><\/td>\n<td><strong>Nombre de points<\/strong><\/td>\n<td><strong>Prix (HTVA)<\/strong><\/td>\n<\/tr>\n<\/thead>\n<tbody>\n<tr>\n<td><span data-path-to-node=\"11,1,0,0\"><b data-path-to-node=\"11,1,0,0\" data-index-in-node=\"0\">GCP Start<\/b><\/span><\/td>\n<td><span data-path-to-node=\"11,1,1,0\">1 \u00e0 5 points<\/span><\/td>\n<td><span data-path-to-node=\"11,1,2,0\">150 \u20ac<\/span><\/td>\n<\/tr>\n<tr>\n<td><span data-path-to-node=\"11,2,0,0\"><b data-path-to-node=\"11,2,0,0\" data-index-in-node=\"0\">GCP Pro<\/b><\/span><\/td>\n<td><span data-path-to-node=\"11,2,1,0\">6 \u00e0 10 points<\/span><\/td>\n<td><span data-path-to-node=\"11,2,2,0\">250 \u20ac<\/span><\/td>\n<\/tr>\n<tr>\n<td><span data-path-to-node=\"11,3,0,0\"><b data-path-to-node=\"11,3,0,0\" data-index-in-node=\"0\">Sur mesure<\/b><\/span><\/td>\n<td><span data-path-to-node=\"11,3,1,0\">&gt; 10 points<\/span><\/td>\n<td><span data-path-to-node=\"11,3,2,0\">Sur demande<\/span><\/td>\n<\/tr>\n<\/tbody>\n<\/table>\n<ul data-path-to-node=\"12\">\n<li>\n<p data-path-to-node=\"12,0,0\"><b data-path-to-node=\"12,0,0\" data-index-in-node=\"0\">Frais de d\u00e9placement :<\/b> 0,6 \u20ac par kilom\u00e8tre parcouru depuis Duras (Saint-Trond)<\/p>\n<\/li>\n<li>\n<p data-path-to-node=\"12,1,0\"><b data-path-to-node=\"12,1,0\" data-index-in-node=\"0\">Marquage :<\/b> Par d\u00e9faut, les points sont marqu\u00e9s avec une peinture biod\u00e9gradable (haute visibilit\u00e9 a\u00e9rienne) ou<\/p>\n<\/li>\n<\/ul>\n<h3 data-path-to-node=\"13\">Option : Cibles physiques<\/h3>\n<p data-path-to-node=\"14\">Vous pr\u00e9f\u00e9rez travailler avec nos cibles professionnelles noires et blanches au lieu de la peinture ? C&rsquo;est possible !<img loading=\"lazy\" decoding=\"async\" class=\"size-full wp-image-2085 alignright\" src=\"https:\/\/www.droneview.be\/wp-content\/uploads\/2026\/03\/drone-ground-control-point-rtk-base.jpg\" alt=\"Base RTK GCP Drone\" width=\"352\" height=\"460\" srcset=\"https:\/\/www.droneview.be\/wp-content\/uploads\/2026\/03\/drone-ground-control-point-rtk-base.jpg 352w, https:\/\/www.droneview.be\/wp-content\/uploads\/2026\/03\/drone-ground-control-point-rtk-base-230x300.jpg 230w\" sizes=\"auto, (max-width: 352px) 100vw, 352px\" \/><\/p>\n<ul data-path-to-node=\"15\">\n<li>\n<p data-path-to-node=\"15,0,0\">Nous installons les cibles pour vous sur place.<\/p>\n<\/li>\n<li>\n<p data-path-to-node=\"15,1,0\"><b data-path-to-node=\"15,1,0\" data-index-in-node=\"0\">Caution :<\/b> 250 \u20ac (rembours\u00e9s d\u00e8s que les cibles sont retourn\u00e9es en bon \u00e9tat).<\/p>\n<\/li>\n<\/ul>\n<hr data-path-to-node=\"16\" \/>\n<h2 data-path-to-node=\"17\">Comment proc\u00e9dons-nous ?<\/h2>\n<ol start=\"1\" data-path-to-node=\"18\">\n<li>\n<p data-path-to-node=\"18,0,0\"><b data-path-to-node=\"18,0,0\" data-index-in-node=\"0\">Demande :<\/b> Vous nous fournissez l&#8217;emplacement et les contours de la zone \u00e0 cartographier.<\/p>\n<\/li>\n<li>\n<p data-path-to-node=\"18,1,0\"><b data-path-to-node=\"18,1,0\" data-index-in-node=\"0\">Installation :<\/b> Nous arrivons sur place avant votre vol et mesurons les points de mani\u00e8re strat\u00e9gique pour un r\u00e9sultat optimal.<\/p>\n<\/li>\n<li>\n<p data-path-to-node=\"18,2,0\"><b data-path-to-node=\"18,2,0\" data-index-in-node=\"0\">Vol :<\/b> Vous effectuez le vol avec votre drone. Les points sont clairement visibles sur vos photos.<\/p>\n<\/li>\n<li>\n<p data-path-to-node=\"18,3,0\"><b data-path-to-node=\"18,3,0\" data-index-in-node=\"0\">Livraison des donn\u00e9es :<\/b> Dans les 24 heures suivant la mesure, vous recevez la liste des coordonn\u00e9es par voie num\u00e9rique.<\/p>\n<\/li>\n<\/ol>\n<blockquote data-path-to-node=\"19\">\n<p data-path-to-node=\"19,0\"><b data-path-to-node=\"19,0\" data-index-in-node=\"0\">Conseil de Droneview :<\/b> Pour un r\u00e9sultat optimal, nous recommandons d&rsquo;utiliser au moins 5 points (4 aux angles et 1 au centre de votre zone).<\/p>\n<\/blockquote>\n<hr data-path-to-node=\"20\" \/>\n<h2 data-path-to-node=\"21\">Pr\u00eat pour une mesure pr\u00e9cise ?<\/h2>\n<p data-path-to-node=\"22\">Transformez vos photos de drone en donn\u00e9es de mesure fiables. Contactez-nous pour planifier une date ou pour un devis personnalis\u00e9 pour des projets plus importants.<\/p>\n<p data-path-to-node=\"23\"><a href=\"https:\/\/www.droneview.be\/fr\/contact\/\"><b data-path-to-node=\"23\" data-index-in-node=\"0\">Contactez-nous pour le service GCP<\/b><\/a><\/p>\n<p data-path-to-node=\"23\"><b data-path-to-node=\"23\" data-index-in-node=\"40\">Ou <a href=\"tel:+3211184822\">Appelez-nous : +32 11 18 48 22<\/a><\/b><\/p>\n<h3 data-path-to-node=\"3\">Pas de temps ou de mat\u00e9riel pour voler vous-m\u00eame ?<\/h3>\n<p data-path-to-node=\"4\"><b data-path-to-node=\"4\" data-index-in-node=\"0\">Confiez-nous l&rsquo;int\u00e9gralit\u00e9 du projet.<\/b><\/p>\n<p data-path-to-node=\"5\">Vous pr\u00e9f\u00e9rez un r\u00e9sultat cl\u00e9 en main sans vous soucier de la technique, de la planification du vol ou du traitement des donn\u00e9es ? Droneview.be est sp\u00e9cialis\u00e9 dans les projets complets de cartographie. Nous nous occupons de tout : des demandes de vol l\u00e9gales et du relev\u00e9 des GCP \u00e0 la livraison d&rsquo;une orthophoto haute r\u00e9solution ou d&rsquo;un mod\u00e8le 3D.<\/p>\n<p data-path-to-node=\"6\"><b data-path-to-node=\"6\" data-index-in-node=\"0\"><a class=\"ng-star-inserted\" href=\"https:\/\/www.droneview.be\/fr\/efficacite-de-chantier-releves-numeriques\/\" target=\"_blank\" rel=\"noopener\">D\u00e9couvrez nos services complets de Cartographie &amp; Relev\u00e9 \u2192<\/a><\/b><\/p>\n","protected":false},"excerpt":{"rendered":"<p>Vous avez un drone sans RTK, mais vous souhaitez cr\u00e9er des mod\u00e8les 3D et des cartes pr\u00e9cis au centim\u00e8tre pr\u00e8s ? Droneview.be vous aide \u00e0 \u00e9tablir la base de tout bon projet de cartographie : le relev\u00e9 des points de contr\u00f4le au sol (GCP). Tous les pilotes de drones ne disposent pas d&rsquo;un \u00e9quipement GNSS &hellip; <\/p>\n<p class=\"link-more\"><a href=\"https:\/\/www.droneview.be\/fr\/service-gcp-precision-maximale-pour-votre-cartographie-par-drone\/\" class=\"more-link\">Continuer la lecture<span class=\"screen-reader-text\"> de &laquo;&nbsp;Service GCP : Pr\u00e9cision Maximale pour Votre Cartographie par Drone&nbsp;&raquo;<\/span><\/a><\/p>\n","protected":false},"author":1,"featured_media":0,"parent":0,"menu_order":0,"comment_status":"closed","ping_status":"closed","template":"","meta":{"_vp_format_video_url":"","_vp_image_focal_point":[],"footnotes":""},"class_list":["post-2131","page","type-page","status-publish","hentry"],"yoast_head":"<!-- This site is optimized with the Yoast SEO plugin v27.5 - https:\/\/yoast.com\/product\/yoast-seo-wordpress\/ -->\n<title>Service GCP : Pr\u00e9cision Maximale pour Votre Cartographie par Drone - Droneview.be | Donn\u00e9es &amp; Inspections par Drone<\/title>\n<meta name=\"description\" content=\"Am\u00e9liorez la pr\u00e9cision de vos cartes par drone. Nous mesurons vos points de contr\u00f4le (GCP) avec du mat\u00e9riel DJI RTK. Pr\u00e9cision centim\u00e9trique. D\u00e9couvrez nos tarifs !\" \/>\n<meta name=\"robots\" content=\"index, follow, max-snippet:-1, max-image-preview:large, max-video-preview:-1\" \/>\n<link rel=\"canonical\" href=\"https:\/\/www.droneview.be\/fr\/service-gcp-precision-maximale-pour-votre-cartographie-par-drone\/\" \/>\n<meta property=\"og:locale\" content=\"fr_FR\" \/>\n<meta property=\"og:type\" content=\"article\" \/>\n<meta property=\"og:title\" content=\"Service GCP : Pr\u00e9cision Maximale pour Votre Cartographie par Drone - Droneview.be | Donn\u00e9es &amp; Inspections par Drone\" \/>\n<meta property=\"og:description\" content=\"Am\u00e9liorez la pr\u00e9cision de vos cartes par drone. Nous mesurons vos points de contr\u00f4le (GCP) avec du mat\u00e9riel DJI RTK. Pr\u00e9cision centim\u00e9trique. D\u00e9couvrez nos tarifs !\" \/>\n<meta property=\"og:url\" content=\"https:\/\/www.droneview.be\/fr\/service-gcp-precision-maximale-pour-votre-cartographie-par-drone\/\" \/>\n<meta property=\"og:site_name\" content=\"Droneview.be | Donn\u00e9es &amp; Inspections par Drone\" \/>\n<meta property=\"article:modified_time\" content=\"2026-03-16T14:49:33+00:00\" \/>\n<meta property=\"og:image\" content=\"https:\/\/www.droneview.be\/wp-content\/uploads\/2026\/03\/RTK_drone.jpg\" \/>\n\t<meta property=\"og:image:width\" content=\"911\" \/>\n\t<meta property=\"og:image:height\" content=\"881\" \/>\n\t<meta property=\"og:image:type\" content=\"image\/jpeg\" \/>\n<meta name=\"twitter:card\" content=\"summary_large_image\" \/>\n<meta name=\"twitter:label1\" content=\"Dur\u00e9e de lecture estim\u00e9e\" \/>\n\t<meta name=\"twitter:data1\" content=\"3 minutes\" \/>\n<script type=\"application\/ld+json\" class=\"yoast-schema-graph\">{\"@context\":\"https:\\\/\\\/schema.org\",\"@graph\":[{\"@type\":\"WebPage\",\"@id\":\"https:\\\/\\\/www.droneview.be\\\/fr\\\/service-gcp-precision-maximale-pour-votre-cartographie-par-drone\\\/\",\"url\":\"https:\\\/\\\/www.droneview.be\\\/fr\\\/service-gcp-precision-maximale-pour-votre-cartographie-par-drone\\\/\",\"name\":\"Service GCP : Pr\u00e9cision Maximale pour Votre Cartographie par Drone - Droneview.be | Donn\u00e9es & Inspections par Drone\",\"isPartOf\":{\"@id\":\"https:\\\/\\\/www.droneview.be\\\/fr\\\/#website\"},\"primaryImageOfPage\":{\"@id\":\"https:\\\/\\\/www.droneview.be\\\/fr\\\/service-gcp-precision-maximale-pour-votre-cartographie-par-drone\\\/#primaryimage\"},\"image\":{\"@id\":\"https:\\\/\\\/www.droneview.be\\\/fr\\\/service-gcp-precision-maximale-pour-votre-cartographie-par-drone\\\/#primaryimage\"},\"thumbnailUrl\":\"https:\\\/\\\/www.droneview.be\\\/wp-content\\\/uploads\\\/2026\\\/03\\\/RTK_drone.jpg\",\"datePublished\":\"2026-03-16T14:40:13+00:00\",\"dateModified\":\"2026-03-16T14:49:33+00:00\",\"description\":\"Am\u00e9liorez la pr\u00e9cision de vos cartes par drone. Nous mesurons vos points de contr\u00f4le (GCP) avec du mat\u00e9riel DJI RTK. Pr\u00e9cision centim\u00e9trique. D\u00e9couvrez nos tarifs !\",\"breadcrumb\":{\"@id\":\"https:\\\/\\\/www.droneview.be\\\/fr\\\/service-gcp-precision-maximale-pour-votre-cartographie-par-drone\\\/#breadcrumb\"},\"inLanguage\":\"fr-FR\",\"potentialAction\":[{\"@type\":\"ReadAction\",\"target\":[\"https:\\\/\\\/www.droneview.be\\\/fr\\\/service-gcp-precision-maximale-pour-votre-cartographie-par-drone\\\/\"]}]},{\"@type\":\"ImageObject\",\"inLanguage\":\"fr-FR\",\"@id\":\"https:\\\/\\\/www.droneview.be\\\/fr\\\/service-gcp-precision-maximale-pour-votre-cartographie-par-drone\\\/#primaryimage\",\"url\":\"https:\\\/\\\/www.droneview.be\\\/wp-content\\\/uploads\\\/2026\\\/03\\\/RTK_drone.jpg\",\"contentUrl\":\"https:\\\/\\\/www.droneview.be\\\/wp-content\\\/uploads\\\/2026\\\/03\\\/RTK_drone.jpg\"},{\"@type\":\"BreadcrumbList\",\"@id\":\"https:\\\/\\\/www.droneview.be\\\/fr\\\/service-gcp-precision-maximale-pour-votre-cartographie-par-drone\\\/#breadcrumb\",\"itemListElement\":[{\"@type\":\"ListItem\",\"position\":1,\"name\":\"Home\",\"item\":\"https:\\\/\\\/www.droneview.be\\\/fr\\\/\"},{\"@type\":\"ListItem\",\"position\":2,\"name\":\"Service GCP : Pr\u00e9cision Maximale pour Votre Cartographie par Drone\"}]},{\"@type\":\"WebSite\",\"@id\":\"https:\\\/\\\/www.droneview.be\\\/fr\\\/#website\",\"url\":\"https:\\\/\\\/www.droneview.be\\\/fr\\\/\",\"name\":\"Droneview.be\",\"description\":\"Sp\u00e9cialiste en analyses thermiques, cartographie de pr\u00e9cision et inspections a\u00e9riennes industrielles de haute qualit\u00e9.\",\"publisher\":{\"@id\":\"https:\\\/\\\/www.droneview.be\\\/fr\\\/#organization\"},\"potentialAction\":[{\"@type\":\"SearchAction\",\"target\":{\"@type\":\"EntryPoint\",\"urlTemplate\":\"https:\\\/\\\/www.droneview.be\\\/fr\\\/?s={search_term_string}\"},\"query-input\":{\"@type\":\"PropertyValueSpecification\",\"valueRequired\":true,\"valueName\":\"search_term_string\"}}],\"inLanguage\":\"fr-FR\"},{\"@type\":\"Organization\",\"@id\":\"https:\\\/\\\/www.droneview.be\\\/fr\\\/#organization\",\"name\":\"Droneview.be\",\"url\":\"https:\\\/\\\/www.droneview.be\\\/fr\\\/\",\"logo\":{\"@type\":\"ImageObject\",\"inLanguage\":\"fr-FR\",\"@id\":\"https:\\\/\\\/www.droneview.be\\\/fr\\\/#\\\/schema\\\/logo\\\/image\\\/\",\"url\":\"https:\\\/\\\/www.droneview.be\\\/wp-content\\\/uploads\\\/2024\\\/10\\\/DRONEVIEW_LOGO.jpg\",\"contentUrl\":\"https:\\\/\\\/www.droneview.be\\\/wp-content\\\/uploads\\\/2024\\\/10\\\/DRONEVIEW_LOGO.jpg\",\"width\":560,\"height\":210,\"caption\":\"Droneview.be\"},\"image\":{\"@id\":\"https:\\\/\\\/www.droneview.be\\\/fr\\\/#\\\/schema\\\/logo\\\/image\\\/\"}}]}<\/script>\n<!-- \/ Yoast SEO plugin. -->","yoast_head_json":{"title":"Service GCP : Pr\u00e9cision Maximale pour Votre Cartographie par Drone - Droneview.be | Donn\u00e9es & Inspections par Drone","description":"Am\u00e9liorez la pr\u00e9cision de vos cartes par drone. Nous mesurons vos points de contr\u00f4le (GCP) avec du mat\u00e9riel DJI RTK. Pr\u00e9cision centim\u00e9trique. D\u00e9couvrez nos tarifs !","robots":{"index":"index","follow":"follow","max-snippet":"max-snippet:-1","max-image-preview":"max-image-preview:large","max-video-preview":"max-video-preview:-1"},"canonical":"https:\/\/www.droneview.be\/fr\/service-gcp-precision-maximale-pour-votre-cartographie-par-drone\/","og_locale":"fr_FR","og_type":"article","og_title":"Service GCP : Pr\u00e9cision Maximale pour Votre Cartographie par Drone - Droneview.be | Donn\u00e9es & Inspections par Drone","og_description":"Am\u00e9liorez la pr\u00e9cision de vos cartes par drone. Nous mesurons vos points de contr\u00f4le (GCP) avec du mat\u00e9riel DJI RTK. Pr\u00e9cision centim\u00e9trique. D\u00e9couvrez nos tarifs !","og_url":"https:\/\/www.droneview.be\/fr\/service-gcp-precision-maximale-pour-votre-cartographie-par-drone\/","og_site_name":"Droneview.be | Donn\u00e9es & Inspections par Drone","article_modified_time":"2026-03-16T14:49:33+00:00","og_image":[{"width":911,"height":881,"url":"https:\/\/www.droneview.be\/wp-content\/uploads\/2026\/03\/RTK_drone.jpg","type":"image\/jpeg"}],"twitter_card":"summary_large_image","twitter_misc":{"Dur\u00e9e de lecture estim\u00e9e":"3 minutes"},"schema":{"@context":"https:\/\/schema.org","@graph":[{"@type":"WebPage","@id":"https:\/\/www.droneview.be\/fr\/service-gcp-precision-maximale-pour-votre-cartographie-par-drone\/","url":"https:\/\/www.droneview.be\/fr\/service-gcp-precision-maximale-pour-votre-cartographie-par-drone\/","name":"Service GCP : Pr\u00e9cision Maximale pour Votre Cartographie par Drone - Droneview.be | Donn\u00e9es & Inspections par Drone","isPartOf":{"@id":"https:\/\/www.droneview.be\/fr\/#website"},"primaryImageOfPage":{"@id":"https:\/\/www.droneview.be\/fr\/service-gcp-precision-maximale-pour-votre-cartographie-par-drone\/#primaryimage"},"image":{"@id":"https:\/\/www.droneview.be\/fr\/service-gcp-precision-maximale-pour-votre-cartographie-par-drone\/#primaryimage"},"thumbnailUrl":"https:\/\/www.droneview.be\/wp-content\/uploads\/2026\/03\/RTK_drone.jpg","datePublished":"2026-03-16T14:40:13+00:00","dateModified":"2026-03-16T14:49:33+00:00","description":"Am\u00e9liorez la pr\u00e9cision de vos cartes par drone. Nous mesurons vos points de contr\u00f4le (GCP) avec du mat\u00e9riel DJI RTK. Pr\u00e9cision centim\u00e9trique. D\u00e9couvrez nos tarifs !","breadcrumb":{"@id":"https:\/\/www.droneview.be\/fr\/service-gcp-precision-maximale-pour-votre-cartographie-par-drone\/#breadcrumb"},"inLanguage":"fr-FR","potentialAction":[{"@type":"ReadAction","target":["https:\/\/www.droneview.be\/fr\/service-gcp-precision-maximale-pour-votre-cartographie-par-drone\/"]}]},{"@type":"ImageObject","inLanguage":"fr-FR","@id":"https:\/\/www.droneview.be\/fr\/service-gcp-precision-maximale-pour-votre-cartographie-par-drone\/#primaryimage","url":"https:\/\/www.droneview.be\/wp-content\/uploads\/2026\/03\/RTK_drone.jpg","contentUrl":"https:\/\/www.droneview.be\/wp-content\/uploads\/2026\/03\/RTK_drone.jpg"},{"@type":"BreadcrumbList","@id":"https:\/\/www.droneview.be\/fr\/service-gcp-precision-maximale-pour-votre-cartographie-par-drone\/#breadcrumb","itemListElement":[{"@type":"ListItem","position":1,"name":"Home","item":"https:\/\/www.droneview.be\/fr\/"},{"@type":"ListItem","position":2,"name":"Service GCP : Pr\u00e9cision Maximale pour Votre Cartographie par Drone"}]},{"@type":"WebSite","@id":"https:\/\/www.droneview.be\/fr\/#website","url":"https:\/\/www.droneview.be\/fr\/","name":"Droneview.be","description":"Sp\u00e9cialiste en analyses thermiques, cartographie de pr\u00e9cision et inspections a\u00e9riennes industrielles de haute qualit\u00e9.","publisher":{"@id":"https:\/\/www.droneview.be\/fr\/#organization"},"potentialAction":[{"@type":"SearchAction","target":{"@type":"EntryPoint","urlTemplate":"https:\/\/www.droneview.be\/fr\/?s={search_term_string}"},"query-input":{"@type":"PropertyValueSpecification","valueRequired":true,"valueName":"search_term_string"}}],"inLanguage":"fr-FR"},{"@type":"Organization","@id":"https:\/\/www.droneview.be\/fr\/#organization","name":"Droneview.be","url":"https:\/\/www.droneview.be\/fr\/","logo":{"@type":"ImageObject","inLanguage":"fr-FR","@id":"https:\/\/www.droneview.be\/fr\/#\/schema\/logo\/image\/","url":"https:\/\/www.droneview.be\/wp-content\/uploads\/2024\/10\/DRONEVIEW_LOGO.jpg","contentUrl":"https:\/\/www.droneview.be\/wp-content\/uploads\/2024\/10\/DRONEVIEW_LOGO.jpg","width":560,"height":210,"caption":"Droneview.be"},"image":{"@id":"https:\/\/www.droneview.be\/fr\/#\/schema\/logo\/image\/"}}]}},"_links":{"self":[{"href":"https:\/\/www.droneview.be\/fr\/wp-json\/wp\/v2\/pages\/2131","targetHints":{"allow":["GET"]}}],"collection":[{"href":"https:\/\/www.droneview.be\/fr\/wp-json\/wp\/v2\/pages"}],"about":[{"href":"https:\/\/www.droneview.be\/fr\/wp-json\/wp\/v2\/types\/page"}],"author":[{"embeddable":true,"href":"https:\/\/www.droneview.be\/fr\/wp-json\/wp\/v2\/users\/1"}],"replies":[{"embeddable":true,"href":"https:\/\/www.droneview.be\/fr\/wp-json\/wp\/v2\/comments?post=2131"}],"version-history":[{"count":1,"href":"https:\/\/www.droneview.be\/fr\/wp-json\/wp\/v2\/pages\/2131\/revisions"}],"predecessor-version":[{"id":2132,"href":"https:\/\/www.droneview.be\/fr\/wp-json\/wp\/v2\/pages\/2131\/revisions\/2132"}],"wp:attachment":[{"href":"https:\/\/www.droneview.be\/fr\/wp-json\/wp\/v2\/media?parent=2131"}],"curies":[{"name":"wp","href":"https:\/\/api.w.org\/{rel}","templated":true}]}}